{"id":1180,"date":"2017-10-24T11:21:55","date_gmt":"2017-10-24T09:21:55","guid":{"rendered":"https:\/\/antalforgacsolo.hu\/?page_id=1180"},"modified":"2017-11-22T16:02:21","modified_gmt":"2017-11-22T14:02:21","slug":"spanabhebende-bearbeitung","status":"publish","type":"page","link":"https:\/\/antalforgacsolo.hu\/de\/dienstleistungen\/spanabhebende-bearbeitung\/","title":{"rendered":"Spanabhebende Bearbeitung"},"content":{"rendered":"<div class=\"wpb-content-wrapper\"><p>[vc_row padding_top=&#8221;0&#8243; padding_bottom=&#8221;20&#8243;][vc_column][vc_column_text]Unsere Firma hat ihre T\u00e4tigkeit mit spanabhebender Bearbeitung begonnen, so k\u00f6nnen wir sagen, da\u00df Zuverl\u00e4ssigkeit, Genauigkeit, Technologie, Erfahrung alle an einem Ort in unserem Werk vorzufinden sind.<\/p>\n<p>Unsere Spanabhebungsabteilung breitet sich auf 3000 m2 aus, mit mehr als 15 modernen CNC Bearbeitungszentren, so ist die verarbeitbare Produktpalette \u00e4u\u00dferst breit, es reicht von den gro\u00dfen Produkten (3650mmx1500mmx1000mm ) bis zu den ganz kleinen, pr\u00e4zisen Produkten. Wir modernisieren, erweitern unseren Maschinenpark st\u00e4ndig, damit unsere Firma auch den h\u00f6chsten Kundenerwartungen entsprechen kann.<\/p>\n<p>[\/vc_column_text][\/vc_column][\/vc_row][vc_row padding_top=&#8221;20&#8243; padding_bottom=&#8221;20&#8243;][vc_column][vc_single_image image=&#8221;918&#8243; img_size=&#8221;1000&#215;600&#8243;][vc_column_text]<\/p>\n\n        <style type='text\/css'>\n            #gallery-1 .gallery-item {\n                float: left;\n                text-align: center;\n                width: 20%;\n                margin-bottom:0;\n            }\n            #gallery-1 img {\n            }\n            #gallery-1 .gallery-caption {\n                margin-left: 0;\n            }\n        <\/style>\n\t\t<div id='gallery-1' class='gallery  gallery-columns-5 gallery-size-medium-thumb gallery-lightbox'><dl class='gallery-item'>\n            <dt class='gallery-icon'>\n                <a href='https:\/\/antalforgacsolo.hu\/wp-content\/uploads\/2017\/11\/antalforgacsolo-124.jpg'><img loading=\"lazy\" decoding=\"async\" width=\"600\" height=\"300\" src=\"https:\/\/antalforgacsolo.hu\/wp-content\/uploads\/2017\/11\/antalforgacsolo-124-600x300.jpg\" class=\"attachment-medium-thumb size-medium-thumb\" alt=\"\" srcset=\"https:\/\/antalforgacsolo.hu\/wp-content\/uploads\/2017\/11\/antalforgacsolo-124-600x300.jpg 600w, https:\/\/antalforgacsolo.hu\/wp-content\/uploads\/2017\/11\/antalforgacsolo-124-400x200.jpg 400w, https:\/\/antalforgacsolo.hu\/wp-content\/uploads\/2017\/11\/antalforgacsolo-124-800x400.jpg 800w\" sizes=\"auto, (max-width: 600px) 100vw, 600px\" \/><\/a>\n            <\/dt><\/dl><dl class='gallery-item'>\n            <dt class='gallery-icon'>\n                <a href='https:\/\/antalforgacsolo.hu\/wp-content\/uploads\/2017\/10\/20170926_100154.jpg'><img loading=\"lazy\" decoding=\"async\" width=\"600\" height=\"300\" src=\"https:\/\/antalforgacsolo.hu\/wp-content\/uploads\/2017\/10\/20170926_100154-600x300.jpg\" class=\"attachment-medium-thumb size-medium-thumb\" alt=\"\" srcset=\"https:\/\/antalforgacsolo.hu\/wp-content\/uploads\/2017\/10\/20170926_100154-600x300.jpg 600w, https:\/\/antalforgacsolo.hu\/wp-content\/uploads\/2017\/10\/20170926_100154-400x200.jpg 400w, https:\/\/antalforgacsolo.hu\/wp-content\/uploads\/2017\/10\/20170926_100154-800x400.jpg 800w\" sizes=\"auto, (max-width: 600px) 100vw, 600px\" \/><\/a>\n            <\/dt><\/dl><dl class='gallery-item'>\n            <dt class='gallery-icon'>\n                <a href='https:\/\/antalforgacsolo.hu\/wp-content\/uploads\/2017\/10\/antalkft-forgacsolas-171030-01.jpg'><img loading=\"lazy\" decoding=\"async\" width=\"600\" height=\"300\" src=\"https:\/\/antalforgacsolo.hu\/wp-content\/uploads\/2017\/10\/antalkft-forgacsolas-171030-01-600x300.jpg\" class=\"attachment-medium-thumb size-medium-thumb\" alt=\"\" srcset=\"https:\/\/antalforgacsolo.hu\/wp-content\/uploads\/2017\/10\/antalkft-forgacsolas-171030-01-600x300.jpg 600w, https:\/\/antalforgacsolo.hu\/wp-content\/uploads\/2017\/10\/antalkft-forgacsolas-171030-01-400x200.jpg 400w, https:\/\/antalforgacsolo.hu\/wp-content\/uploads\/2017\/10\/antalkft-forgacsolas-171030-01-800x400.jpg 800w\" sizes=\"auto, (max-width: 600px) 100vw, 600px\" \/><\/a>\n            <\/dt><\/dl><dl class='gallery-item'>\n            <dt class='gallery-icon'>\n                <a href='https:\/\/antalforgacsolo.hu\/wp-content\/uploads\/2017\/11\/antalkft-forgacsolas-171122-01.jpg'><img loading=\"lazy\" decoding=\"async\" width=\"532\" height=\"300\" src=\"https:\/\/antalforgacsolo.hu\/wp-content\/uploads\/2017\/11\/antalkft-forgacsolas-171122-01-532x300.jpg\" class=\"attachment-medium-thumb size-medium-thumb\" alt=\"\" \/><\/a>\n            <\/dt><\/dl><dl class='gallery-item'>\n            <dt class='gallery-icon'>\n                <a href='https:\/\/antalforgacsolo.hu\/wp-content\/uploads\/2017\/11\/antalkft-forgacsolas-171122-02.jpg'><img loading=\"lazy\" decoding=\"async\" width=\"600\" height=\"300\" src=\"https:\/\/antalforgacsolo.hu\/wp-content\/uploads\/2017\/11\/antalkft-forgacsolas-171122-02-600x300.jpg\" class=\"attachment-medium-thumb size-medium-thumb\" alt=\"\" srcset=\"https:\/\/antalforgacsolo.hu\/wp-content\/uploads\/2017\/11\/antalkft-forgacsolas-171122-02-600x300.jpg 600w, https:\/\/antalforgacsolo.hu\/wp-content\/uploads\/2017\/11\/antalkft-forgacsolas-171122-02-400x200.jpg 400w, https:\/\/antalforgacsolo.hu\/wp-content\/uploads\/2017\/11\/antalkft-forgacsolas-171122-02-800x400.jpg 800w\" sizes=\"auto, (max-width: 600px) 100vw, 600px\" \/><\/a>\n            <\/dt><\/dl><div class=\"clear\"><\/div><dl class='gallery-item'>\n            <dt class='gallery-icon'>\n                <a href='https:\/\/antalforgacsolo.hu\/wp-content\/uploads\/2017\/11\/antalforgacsolo-110-1.jpg'><img loading=\"lazy\" decoding=\"async\" width=\"600\" height=\"300\" src=\"https:\/\/antalforgacsolo.hu\/wp-content\/uploads\/2017\/11\/antalforgacsolo-110-1-600x300.jpg\" class=\"attachment-medium-thumb size-medium-thumb\" alt=\"\" srcset=\"https:\/\/antalforgacsolo.hu\/wp-content\/uploads\/2017\/11\/antalforgacsolo-110-1-600x300.jpg 600w, https:\/\/antalforgacsolo.hu\/wp-content\/uploads\/2017\/11\/antalforgacsolo-110-1-400x200.jpg 400w, https:\/\/antalforgacsolo.hu\/wp-content\/uploads\/2017\/11\/antalforgacsolo-110-1-800x400.jpg 800w\" sizes=\"auto, (max-width: 600px) 100vw, 600px\" \/><\/a>\n            <\/dt><\/dl><dl class='gallery-item'>\n            <dt class='gallery-icon'>\n                <a href='https:\/\/antalforgacsolo.hu\/wp-content\/uploads\/2017\/05\/20170824_132702_001-1.jpg'><img loading=\"lazy\" decoding=\"async\" width=\"600\" height=\"300\" src=\"https:\/\/antalforgacsolo.hu\/wp-content\/uploads\/2017\/05\/20170824_132702_001-1-600x300.jpg\" class=\"attachment-medium-thumb size-medium-thumb\" alt=\"\" srcset=\"https:\/\/antalforgacsolo.hu\/wp-content\/uploads\/2017\/05\/20170824_132702_001-1-600x300.jpg 600w, https:\/\/antalforgacsolo.hu\/wp-content\/uploads\/2017\/05\/20170824_132702_001-1-400x200.jpg 400w, https:\/\/antalforgacsolo.hu\/wp-content\/uploads\/2017\/05\/20170824_132702_001-1-800x400.jpg 800w\" sizes=\"auto, (max-width: 600px) 100vw, 600px\" \/><\/a>\n            <\/dt><\/dl><dl class='gallery-item'>\n            <dt class='gallery-icon'>\n                <a href='https:\/\/antalforgacsolo.hu\/wp-content\/uploads\/2017\/05\/20170824_133428-1.jpg'><img loading=\"lazy\" decoding=\"async\" width=\"600\" height=\"300\" src=\"https:\/\/antalforgacsolo.hu\/wp-content\/uploads\/2017\/05\/20170824_133428-1-600x300.jpg\" class=\"attachment-medium-thumb size-medium-thumb\" alt=\"\" srcset=\"https:\/\/antalforgacsolo.hu\/wp-content\/uploads\/2017\/05\/20170824_133428-1-600x300.jpg 600w, https:\/\/antalforgacsolo.hu\/wp-content\/uploads\/2017\/05\/20170824_133428-1-400x200.jpg 400w, https:\/\/antalforgacsolo.hu\/wp-content\/uploads\/2017\/05\/20170824_133428-1-800x400.jpg 800w\" sizes=\"auto, (max-width: 600px) 100vw, 600px\" \/><\/a>\n            <\/dt><\/dl><dl class='gallery-item'>\n            <dt class='gallery-icon'>\n                <a href='https:\/\/antalforgacsolo.hu\/wp-content\/uploads\/2017\/05\/20170824_132257-1.jpg'><img loading=\"lazy\" decoding=\"async\" width=\"600\" height=\"300\" src=\"https:\/\/antalforgacsolo.hu\/wp-content\/uploads\/2017\/05\/20170824_132257-1-600x300.jpg\" class=\"attachment-medium-thumb size-medium-thumb\" alt=\"\" srcset=\"https:\/\/antalforgacsolo.hu\/wp-content\/uploads\/2017\/05\/20170824_132257-1-600x300.jpg 600w, https:\/\/antalforgacsolo.hu\/wp-content\/uploads\/2017\/05\/20170824_132257-1-400x200.jpg 400w, https:\/\/antalforgacsolo.hu\/wp-content\/uploads\/2017\/05\/20170824_132257-1-800x400.jpg 800w\" sizes=\"auto, (max-width: 600px) 100vw, 600px\" \/><\/a>\n            <\/dt><\/dl><dl class='gallery-item'>\n            <dt class='gallery-icon'>\n                <a href='https:\/\/antalforgacsolo.hu\/wp-content\/uploads\/2017\/05\/ZOL_4002-1.jpg'><img loading=\"lazy\" decoding=\"async\" width=\"600\" height=\"300\" src=\"https:\/\/antalforgacsolo.hu\/wp-content\/uploads\/2017\/05\/ZOL_4002-1-600x300.jpg\" class=\"attachment-medium-thumb size-medium-thumb\" alt=\"\" srcset=\"https:\/\/antalforgacsolo.hu\/wp-content\/uploads\/2017\/05\/ZOL_4002-1-600x300.jpg 600w, https:\/\/antalforgacsolo.hu\/wp-content\/uploads\/2017\/05\/ZOL_4002-1-400x200.jpg 400w, https:\/\/antalforgacsolo.hu\/wp-content\/uploads\/2017\/05\/ZOL_4002-1-800x400.jpg 800w\" sizes=\"auto, (max-width: 600px) 100vw, 600px\" \/><\/a>\n            <\/dt><\/dl><div class=\"clear\"><\/div><dl class='gallery-item'>\n            <dt class='gallery-icon'>\n                <a href='https:\/\/antalforgacsolo.hu\/wp-content\/uploads\/2017\/05\/ZOL_3999-1.jpg'><img loading=\"lazy\" decoding=\"async\" width=\"600\" height=\"300\" src=\"https:\/\/antalforgacsolo.hu\/wp-content\/uploads\/2017\/05\/ZOL_3999-1-600x300.jpg\" class=\"attachment-medium-thumb size-medium-thumb\" alt=\"\" srcset=\"https:\/\/antalforgacsolo.hu\/wp-content\/uploads\/2017\/05\/ZOL_3999-1-600x300.jpg 600w, https:\/\/antalforgacsolo.hu\/wp-content\/uploads\/2017\/05\/ZOL_3999-1-400x200.jpg 400w, https:\/\/antalforgacsolo.hu\/wp-content\/uploads\/2017\/05\/ZOL_3999-1-800x400.jpg 800w\" sizes=\"auto, (max-width: 600px) 100vw, 600px\" \/><\/a>\n            <\/dt><\/dl><dl class='gallery-item'>\n            <dt class='gallery-icon'>\n                <a href='https:\/\/antalforgacsolo.hu\/wp-content\/uploads\/2017\/05\/20170824_131939-1.jpg'><img loading=\"lazy\" decoding=\"async\" width=\"600\" height=\"300\" src=\"https:\/\/antalforgacsolo.hu\/wp-content\/uploads\/2017\/05\/20170824_131939-1-600x300.jpg\" class=\"attachment-medium-thumb size-medium-thumb\" alt=\"\" srcset=\"https:\/\/antalforgacsolo.hu\/wp-content\/uploads\/2017\/05\/20170824_131939-1-600x300.jpg 600w, https:\/\/antalforgacsolo.hu\/wp-content\/uploads\/2017\/05\/20170824_131939-1-400x200.jpg 400w, https:\/\/antalforgacsolo.hu\/wp-content\/uploads\/2017\/05\/20170824_131939-1-800x400.jpg 800w\" sizes=\"auto, (max-width: 600px) 100vw, 600px\" \/><\/a>\n            <\/dt><\/dl><dl class='gallery-item'>\n            <dt class='gallery-icon'>\n                <a href='https:\/\/antalforgacsolo.hu\/wp-content\/uploads\/2017\/11\/antalforgacsolo-118-1.jpg'><img loading=\"lazy\" decoding=\"async\" width=\"600\" height=\"300\" src=\"https:\/\/antalforgacsolo.hu\/wp-content\/uploads\/2017\/11\/antalforgacsolo-118-1-600x300.jpg\" class=\"attachment-medium-thumb size-medium-thumb\" alt=\"\" srcset=\"https:\/\/antalforgacsolo.hu\/wp-content\/uploads\/2017\/11\/antalforgacsolo-118-1-600x300.jpg 600w, https:\/\/antalforgacsolo.hu\/wp-content\/uploads\/2017\/11\/antalforgacsolo-118-1-400x200.jpg 400w, https:\/\/antalforgacsolo.hu\/wp-content\/uploads\/2017\/11\/antalforgacsolo-118-1-800x400.jpg 800w\" sizes=\"auto, (max-width: 600px) 100vw, 600px\" \/><\/a>\n            <\/dt><\/dl>\n            <div class=\"clear\"><\/div>\n        <\/div>\n\n<p>[\/vc_column_text][\/vc_column][\/vc_row]<\/p>\n<\/div>","protected":false},"excerpt":{"rendered":"<p>[vc_row padding_top=&#8221;0&#8243; padding_bottom=&#8221;20&#8243;][vc_column][vc_column_text]Unsere Firma hat ihre T\u00e4tigkeit mit spanabhebender Bearbeitung begonnen, so k\u00f6nnen wir sagen, da\u00df Zuverl\u00e4ssigkeit, Genauigkeit, Technologie, Erfahrung alle &#8230;<\/p>\n","protected":false},"author":1,"featured_media":0,"parent":1178,"menu_order":1,"comment_status":"closed","ping_status":"closed","template":"","meta":{"footnotes":""},"class_list":["post-1180","page","type-page","status-publish","hentry"],"yoast_head":"<!-- This site is optimized with the Yoast SEO plugin v26.8 - https:\/\/yoast.com\/product\/yoast-seo-wordpress\/ -->\n<title>Spanabhebende Bearbeitung - ANTAL Forg\u00e1csol\u00f3 Kft.<\/title>\n<meta name=\"robots\" content=\"index, follow, max-snippet:-1, max-image-preview:large, max-video-preview:-1\" \/>\n<link rel=\"canonical\" href=\"https:\/\/antalforgacsolo.hu\/de\/dienstleistungen\/spanabhebende-bearbeitung\/\" \/>\n<meta property=\"og:locale\" content=\"de_DE\" \/>\n<meta property=\"og:type\" content=\"article\" \/>\n<meta property=\"og:title\" content=\"Spanabhebende Bearbeitung - ANTAL Forg\u00e1csol\u00f3 Kft.\" \/>\n<meta property=\"og:description\" content=\"[vc_row padding_top=&#8221;0&#8243; padding_bottom=&#8221;20&#8243;][vc_column][vc_column_text]Unsere Firma hat ihre T\u00e4tigkeit mit spanabhebender Bearbeitung begonnen, so k\u00f6nnen wir sagen, da\u00df Zuverl\u00e4ssigkeit, Genauigkeit, Technologie, Erfahrung alle ...\" \/>\n<meta property=\"og:url\" content=\"https:\/\/antalforgacsolo.hu\/de\/dienstleistungen\/spanabhebende-bearbeitung\/\" \/>\n<meta property=\"og:site_name\" content=\"ANTAL Forg\u00e1csol\u00f3 Kft.\" \/>\n<meta property=\"article:modified_time\" content=\"2017-11-22T14:02:21+00:00\" \/>\n<meta name=\"twitter:card\" content=\"summary_large_image\" \/>\n<meta name=\"twitter:label1\" content=\"Gesch\u00e4tzte Lesezeit\" \/>\n\t<meta name=\"twitter:data1\" content=\"1\u00a0Minute\" \/>\n<script type=\"application\/ld+json\" class=\"yoast-schema-graph\">{\"@context\":\"https:\/\/schema.org\",\"@graph\":[{\"@type\":\"WebPage\",\"@id\":\"https:\/\/antalforgacsolo.hu\/de\/dienstleistungen\/spanabhebende-bearbeitung\/\",\"url\":\"https:\/\/antalforgacsolo.hu\/de\/dienstleistungen\/spanabhebende-bearbeitung\/\",\"name\":\"Spanabhebende Bearbeitung - ANTAL Forg\u00e1csol\u00f3 Kft.\",\"isPartOf\":{\"@id\":\"https:\/\/antalforgacsolo.hu\/#website\"},\"datePublished\":\"2017-10-24T09:21:55+00:00\",\"dateModified\":\"2017-11-22T14:02:21+00:00\",\"breadcrumb\":{\"@id\":\"https:\/\/antalforgacsolo.hu\/de\/dienstleistungen\/spanabhebende-bearbeitung\/#breadcrumb\"},\"inLanguage\":\"de\",\"potentialAction\":[{\"@type\":\"ReadAction\",\"target\":[\"https:\/\/antalforgacsolo.hu\/de\/dienstleistungen\/spanabhebende-bearbeitung\/\"]}]},{\"@type\":\"BreadcrumbList\",\"@id\":\"https:\/\/antalforgacsolo.hu\/de\/dienstleistungen\/spanabhebende-bearbeitung\/#breadcrumb\",\"itemListElement\":[{\"@type\":\"ListItem\",\"position\":1,\"name\":\"Home\",\"item\":\"https:\/\/antalforgacsolo.hu\/de\/\"},{\"@type\":\"ListItem\",\"position\":2,\"name\":\"Dienstleistungen\",\"item\":\"https:\/\/antalforgacsolo.hu\/de\/dienstleistungen\/\"},{\"@type\":\"ListItem\",\"position\":3,\"name\":\"Spanabhebende Bearbeitung\"}]},{\"@type\":\"WebSite\",\"@id\":\"https:\/\/antalforgacsolo.hu\/#website\",\"url\":\"https:\/\/antalforgacsolo.hu\/\",\"name\":\"ANTAL Forg\u00e1csol\u00f3 Kft.\",\"description\":\"Qualit\u00e4t und Precizion an einem Ort\",\"publisher\":{\"@id\":\"https:\/\/antalforgacsolo.hu\/#organization\"},\"potentialAction\":[{\"@type\":\"SearchAction\",\"target\":{\"@type\":\"EntryPoint\",\"urlTemplate\":\"https:\/\/antalforgacsolo.hu\/?s={search_term_string}\"},\"query-input\":{\"@type\":\"PropertyValueSpecification\",\"valueRequired\":true,\"valueName\":\"search_term_string\"}}],\"inLanguage\":\"de\"},{\"@type\":\"Organization\",\"@id\":\"https:\/\/antalforgacsolo.hu\/#organization\",\"name\":\"ANTAL Forg\u00e1csol\u00f3 Kft.\",\"url\":\"https:\/\/antalforgacsolo.hu\/\",\"logo\":{\"@type\":\"ImageObject\",\"inLanguage\":\"de\",\"@id\":\"https:\/\/antalforgacsolo.hu\/#\/schema\/logo\/image\/\",\"url\":\"https:\/\/antalforgacsolo.hu\/wp-content\/uploads\/2017\/11\/antalkft-logo-fekete-70px.png\",\"contentUrl\":\"https:\/\/antalforgacsolo.hu\/wp-content\/uploads\/2017\/11\/antalkft-logo-fekete-70px.png\",\"width\":70,\"height\":66,\"caption\":\"ANTAL Forg\u00e1csol\u00f3 Kft.\"},\"image\":{\"@id\":\"https:\/\/antalforgacsolo.hu\/#\/schema\/logo\/image\/\"}}]}<\/script>\n<!-- \/ Yoast SEO plugin. -->","yoast_head_json":{"title":"Spanabhebende Bearbeitung - ANTAL Forg\u00e1csol\u00f3 Kft.","robots":{"index":"index","follow":"follow","max-snippet":"max-snippet:-1","max-image-preview":"max-image-preview:large","max-video-preview":"max-video-preview:-1"},"canonical":"https:\/\/antalforgacsolo.hu\/de\/dienstleistungen\/spanabhebende-bearbeitung\/","og_locale":"de_DE","og_type":"article","og_title":"Spanabhebende Bearbeitung - ANTAL Forg\u00e1csol\u00f3 Kft.","og_description":"[vc_row padding_top=&#8221;0&#8243; padding_bottom=&#8221;20&#8243;][vc_column][vc_column_text]Unsere Firma hat ihre T\u00e4tigkeit mit spanabhebender Bearbeitung begonnen, so k\u00f6nnen wir sagen, da\u00df Zuverl\u00e4ssigkeit, Genauigkeit, Technologie, Erfahrung alle ...","og_url":"https:\/\/antalforgacsolo.hu\/de\/dienstleistungen\/spanabhebende-bearbeitung\/","og_site_name":"ANTAL Forg\u00e1csol\u00f3 Kft.","article_modified_time":"2017-11-22T14:02:21+00:00","twitter_card":"summary_large_image","twitter_misc":{"Gesch\u00e4tzte Lesezeit":"1\u00a0Minute"},"schema":{"@context":"https:\/\/schema.org","@graph":[{"@type":"WebPage","@id":"https:\/\/antalforgacsolo.hu\/de\/dienstleistungen\/spanabhebende-bearbeitung\/","url":"https:\/\/antalforgacsolo.hu\/de\/dienstleistungen\/spanabhebende-bearbeitung\/","name":"Spanabhebende Bearbeitung - ANTAL Forg\u00e1csol\u00f3 Kft.","isPartOf":{"@id":"https:\/\/antalforgacsolo.hu\/#website"},"datePublished":"2017-10-24T09:21:55+00:00","dateModified":"2017-11-22T14:02:21+00:00","breadcrumb":{"@id":"https:\/\/antalforgacsolo.hu\/de\/dienstleistungen\/spanabhebende-bearbeitung\/#breadcrumb"},"inLanguage":"de","potentialAction":[{"@type":"ReadAction","target":["https:\/\/antalforgacsolo.hu\/de\/dienstleistungen\/spanabhebende-bearbeitung\/"]}]},{"@type":"BreadcrumbList","@id":"https:\/\/antalforgacsolo.hu\/de\/dienstleistungen\/spanabhebende-bearbeitung\/#breadcrumb","itemListElement":[{"@type":"ListItem","position":1,"name":"Home","item":"https:\/\/antalforgacsolo.hu\/de\/"},{"@type":"ListItem","position":2,"name":"Dienstleistungen","item":"https:\/\/antalforgacsolo.hu\/de\/dienstleistungen\/"},{"@type":"ListItem","position":3,"name":"Spanabhebende Bearbeitung"}]},{"@type":"WebSite","@id":"https:\/\/antalforgacsolo.hu\/#website","url":"https:\/\/antalforgacsolo.hu\/","name":"ANTAL Forg\u00e1csol\u00f3 Kft.","description":"Qualit\u00e4t und Precizion an einem Ort","publisher":{"@id":"https:\/\/antalforgacsolo.hu\/#organization"},"potentialAction":[{"@type":"SearchAction","target":{"@type":"EntryPoint","urlTemplate":"https:\/\/antalforgacsolo.hu\/?s={search_term_string}"},"query-input":{"@type":"PropertyValueSpecification","valueRequired":true,"valueName":"search_term_string"}}],"inLanguage":"de"},{"@type":"Organization","@id":"https:\/\/antalforgacsolo.hu\/#organization","name":"ANTAL Forg\u00e1csol\u00f3 Kft.","url":"https:\/\/antalforgacsolo.hu\/","logo":{"@type":"ImageObject","inLanguage":"de","@id":"https:\/\/antalforgacsolo.hu\/#\/schema\/logo\/image\/","url":"https:\/\/antalforgacsolo.hu\/wp-content\/uploads\/2017\/11\/antalkft-logo-fekete-70px.png","contentUrl":"https:\/\/antalforgacsolo.hu\/wp-content\/uploads\/2017\/11\/antalkft-logo-fekete-70px.png","width":70,"height":66,"caption":"ANTAL Forg\u00e1csol\u00f3 Kft."},"image":{"@id":"https:\/\/antalforgacsolo.hu\/#\/schema\/logo\/image\/"}}]}},"_links":{"self":[{"href":"https:\/\/antalforgacsolo.hu\/de\/wp-json\/wp\/v2\/pages\/1180","targetHints":{"allow":["GET"]}}],"collection":[{"href":"https:\/\/antalforgacsolo.hu\/de\/wp-json\/wp\/v2\/pages"}],"about":[{"href":"https:\/\/antalforgacsolo.hu\/de\/wp-json\/wp\/v2\/types\/page"}],"author":[{"embeddable":true,"href":"https:\/\/antalforgacsolo.hu\/de\/wp-json\/wp\/v2\/users\/1"}],"replies":[{"embeddable":true,"href":"https:\/\/antalforgacsolo.hu\/de\/wp-json\/wp\/v2\/comments?post=1180"}],"version-history":[{"count":0,"href":"https:\/\/antalforgacsolo.hu\/de\/wp-json\/wp\/v2\/pages\/1180\/revisions"}],"up":[{"embeddable":true,"href":"https:\/\/antalforgacsolo.hu\/de\/wp-json\/wp\/v2\/pages\/1178"}],"wp:attachment":[{"href":"https:\/\/antalforgacsolo.hu\/de\/wp-json\/wp\/v2\/media?parent=1180"}],"curies":[{"name":"wp","href":"https:\/\/api.w.org\/{rel}","templated":true}]}}