{"id":1186,"date":"2017-10-24T11:38:16","date_gmt":"2017-10-24T09:38:16","guid":{"rendered":"https:\/\/antalforgacsolo.hu\/?page_id=1186"},"modified":"2017-11-09T11:53:08","modified_gmt":"2017-11-09T09:53:08","slug":"fertigung-von-kompletten-produkten","status":"publish","type":"page","link":"https:\/\/antalforgacsolo.hu\/de\/dienstleistungen\/fertigung-von-kompletten-produkten\/","title":{"rendered":"Fertigung von kompletten Produkten"},"content":{"rendered":"<div class=\"wpb-content-wrapper\"><p>[vc_row padding_top=&#8221;0&#8243; padding_bottom=&#8221;20&#8243;][vc_column][vc_column_text]Ein Hauptprofil unserer Firma ist die Fertigung von kompletten Produkten, vom Material bis zum fertigen, oberfl\u00e4chenbehandelten Produkt.<\/p>\n<p>Vertrauen Sie uns die Beschaffung, Fertigung, Schwei\u00dfen, Spanabhebung, Montieren, Oberfl\u00e4chenbehandlung an, und \u00fcbernehmen Sie das komplette Produkt! Unsere ausgebildete Fachkr\u00e4fte verf\u00fcgen \u00fcber langj\u00e4hrige Erfahrung beim Fertigmontieren von verschiedenen Produkten. In unserer Firma stehen auch Sandstrahlkabine, Strahlkabine, Strahlmaschine und Lackierkabine zur Verf\u00fcgung, aber wir k\u00f6nnen unseren Kunden \u00e4u\u00dferst viele L\u00f6sungen auch f\u00fcr die verschiedenen Oberfl\u00e4chenbehandlungsbedarfe (KTL, Verzinken, Nickel, Pulverbeschichtung, Zink-Nickel, Eloxalverfahren) bieten, mit Hilfe unserer zertifizierten Partner.<\/p>\n<p>[\/vc_column_text][\/vc_column][\/vc_row][vc_row padding_top=&#8221;20&#8243; padding_bottom=&#8221;20&#8243;][vc_column][vc_single_image image=&#8221;940&#8243; img_size=&#8221;1000&#215;600&#8243;][vc_column_text]<\/p>\n\n        <style type='text\/css'>\n            #gallery-1 .gallery-item {\n                float: left;\n                text-align: center;\n                width: 20%;\n                margin-bottom:0;\n            }\n            #gallery-1 img {\n            }\n            #gallery-1 .gallery-caption {\n                margin-left: 0;\n            }\n        <\/style>\n\t\t<div id='gallery-1' class='gallery  gallery-columns-5 gallery-size-medium-thumb gallery-lightbox'><dl class='gallery-item'>\n            <dt class='gallery-icon'>\n                <a href='https:\/\/antalforgacsolo.hu\/wp-content\/uploads\/2017\/05\/ktm-0.jpg'><img loading=\"lazy\" decoding=\"async\" width=\"600\" height=\"300\" src=\"https:\/\/antalforgacsolo.hu\/wp-content\/uploads\/2017\/05\/ktm-0-600x300.jpg\" class=\"attachment-medium-thumb size-medium-thumb\" alt=\"\" srcset=\"https:\/\/antalforgacsolo.hu\/wp-content\/uploads\/2017\/05\/ktm-0-600x300.jpg 600w, https:\/\/antalforgacsolo.hu\/wp-content\/uploads\/2017\/05\/ktm-0-400x200.jpg 400w, https:\/\/antalforgacsolo.hu\/wp-content\/uploads\/2017\/05\/ktm-0-800x400.jpg 800w\" sizes=\"auto, (max-width: 600px) 100vw, 600px\" \/><\/a>\n            <\/dt><\/dl><dl class='gallery-item'>\n            <dt class='gallery-icon'>\n                <a href='https:\/\/antalforgacsolo.hu\/wp-content\/uploads\/2017\/05\/ZOL_3775-1.jpg'><img loading=\"lazy\" decoding=\"async\" width=\"600\" height=\"300\" src=\"https:\/\/antalforgacsolo.hu\/wp-content\/uploads\/2017\/05\/ZOL_3775-1-600x300.jpg\" class=\"attachment-medium-thumb size-medium-thumb\" alt=\"\" srcset=\"https:\/\/antalforgacsolo.hu\/wp-content\/uploads\/2017\/05\/ZOL_3775-1-600x300.jpg 600w, https:\/\/antalforgacsolo.hu\/wp-content\/uploads\/2017\/05\/ZOL_3775-1-400x200.jpg 400w, https:\/\/antalforgacsolo.hu\/wp-content\/uploads\/2017\/05\/ZOL_3775-1-800x400.jpg 800w\" sizes=\"auto, (max-width: 600px) 100vw, 600px\" \/><\/a>\n            <\/dt><\/dl><dl class='gallery-item'>\n            <dt class='gallery-icon'>\n                <a href='https:\/\/antalforgacsolo.hu\/wp-content\/uploads\/2017\/05\/20150422_074101-1.jpg'><img loading=\"lazy\" decoding=\"async\" width=\"600\" height=\"300\" src=\"https:\/\/antalforgacsolo.hu\/wp-content\/uploads\/2017\/05\/20150422_074101-1-600x300.jpg\" class=\"attachment-medium-thumb size-medium-thumb\" alt=\"\" srcset=\"https:\/\/antalforgacsolo.hu\/wp-content\/uploads\/2017\/05\/20150422_074101-1-600x300.jpg 600w, https:\/\/antalforgacsolo.hu\/wp-content\/uploads\/2017\/05\/20150422_074101-1-400x200.jpg 400w, https:\/\/antalforgacsolo.hu\/wp-content\/uploads\/2017\/05\/20150422_074101-1-800x400.jpg 800w\" sizes=\"auto, (max-width: 600px) 100vw, 600px\" \/><\/a>\n            <\/dt><\/dl><dl class='gallery-item'>\n            <dt class='gallery-icon'>\n                <a href='https:\/\/antalforgacsolo.hu\/wp-content\/uploads\/2017\/11\/antalforgacsolo-123-1.jpg'><img loading=\"lazy\" decoding=\"async\" width=\"600\" height=\"300\" src=\"https:\/\/antalforgacsolo.hu\/wp-content\/uploads\/2017\/11\/antalforgacsolo-123-1-600x300.jpg\" class=\"attachment-medium-thumb size-medium-thumb\" alt=\"\" srcset=\"https:\/\/antalforgacsolo.hu\/wp-content\/uploads\/2017\/11\/antalforgacsolo-123-1-600x300.jpg 600w, https:\/\/antalforgacsolo.hu\/wp-content\/uploads\/2017\/11\/antalforgacsolo-123-1-400x200.jpg 400w, https:\/\/antalforgacsolo.hu\/wp-content\/uploads\/2017\/11\/antalforgacsolo-123-1-800x400.jpg 800w\" sizes=\"auto, (max-width: 600px) 100vw, 600px\" \/><\/a>\n            <\/dt><\/dl><dl class='gallery-item'>\n            <dt class='gallery-icon'>\n                <a href='https:\/\/antalforgacsolo.hu\/wp-content\/uploads\/2017\/05\/DSCF3787-1.jpg'><img loading=\"lazy\" decoding=\"async\" width=\"600\" height=\"300\" src=\"https:\/\/antalforgacsolo.hu\/wp-content\/uploads\/2017\/05\/DSCF3787-1-600x300.jpg\" class=\"attachment-medium-thumb size-medium-thumb\" alt=\"\" srcset=\"https:\/\/antalforgacsolo.hu\/wp-content\/uploads\/2017\/05\/DSCF3787-1-600x300.jpg 600w, https:\/\/antalforgacsolo.hu\/wp-content\/uploads\/2017\/05\/DSCF3787-1-400x200.jpg 400w, https:\/\/antalforgacsolo.hu\/wp-content\/uploads\/2017\/05\/DSCF3787-1-800x400.jpg 800w\" sizes=\"auto, (max-width: 600px) 100vw, 600px\" \/><\/a>\n            <\/dt><\/dl><div class=\"clear\"><\/div>\n            <div class=\"clear\"><\/div>\n        <\/div>\n\n<p>[\/vc_column_text][\/vc_column][\/vc_row]<\/p>\n<\/div>","protected":false},"excerpt":{"rendered":"<p>[vc_row padding_top=&#8221;0&#8243; padding_bottom=&#8221;20&#8243;][vc_column][vc_column_text]Ein Hauptprofil unserer Firma ist die Fertigung von kompletten Produkten, vom Material bis zum fertigen, oberfl\u00e4chenbehandelten Produkt. Vertrauen Sie &#8230;<\/p>\n","protected":false},"author":1,"featured_media":0,"parent":1178,"menu_order":4,"comment_status":"closed","ping_status":"closed","template":"","meta":{"footnotes":""},"class_list":["post-1186","page","type-page","status-publish","hentry"],"yoast_head":"<!-- This site is optimized with the Yoast SEO plugin v27.4 - https:\/\/yoast.com\/product\/yoast-seo-wordpress\/ -->\n<title>Fertigung von kompletten Produkten - ANTAL Forg\u00e1csol\u00f3 Kft.<\/title>\n<meta name=\"robots\" content=\"index, follow, max-snippet:-1, max-image-preview:large, max-video-preview:-1\" \/>\n<link rel=\"canonical\" href=\"https:\/\/antalforgacsolo.hu\/de\/dienstleistungen\/fertigung-von-kompletten-produkten\/\" \/>\n<meta property=\"og:locale\" content=\"de_DE\" \/>\n<meta property=\"og:type\" content=\"article\" \/>\n<meta property=\"og:title\" content=\"Fertigung von kompletten Produkten - ANTAL Forg\u00e1csol\u00f3 Kft.\" \/>\n<meta property=\"og:description\" content=\"[vc_row padding_top=&#8221;0&#8243; padding_bottom=&#8221;20&#8243;][vc_column][vc_column_text]Ein Hauptprofil unserer Firma ist die Fertigung von kompletten Produkten, vom Material bis zum fertigen, oberfl\u00e4chenbehandelten Produkt. Vertrauen Sie ...\" \/>\n<meta property=\"og:url\" content=\"https:\/\/antalforgacsolo.hu\/de\/dienstleistungen\/fertigung-von-kompletten-produkten\/\" \/>\n<meta property=\"og:site_name\" content=\"ANTAL Forg\u00e1csol\u00f3 Kft.\" \/>\n<meta property=\"article:modified_time\" content=\"2017-11-09T09:53:08+00:00\" \/>\n<meta name=\"twitter:card\" content=\"summary_large_image\" \/>\n<meta name=\"twitter:label1\" content=\"Gesch\u00e4tzte Lesezeit\" \/>\n\t<meta name=\"twitter:data1\" content=\"1\u00a0Minute\" \/>\n<script type=\"application\/ld+json\" class=\"yoast-schema-graph\">{\"@context\":\"https:\\\/\\\/schema.org\",\"@graph\":[{\"@type\":\"WebPage\",\"@id\":\"https:\\\/\\\/antalforgacsolo.hu\\\/de\\\/dienstleistungen\\\/fertigung-von-kompletten-produkten\\\/\",\"url\":\"https:\\\/\\\/antalforgacsolo.hu\\\/de\\\/dienstleistungen\\\/fertigung-von-kompletten-produkten\\\/\",\"name\":\"Fertigung von kompletten Produkten - ANTAL Forg\u00e1csol\u00f3 Kft.\",\"isPartOf\":{\"@id\":\"https:\\\/\\\/antalforgacsolo.hu\\\/#website\"},\"datePublished\":\"2017-10-24T09:38:16+00:00\",\"dateModified\":\"2017-11-09T09:53:08+00:00\",\"breadcrumb\":{\"@id\":\"https:\\\/\\\/antalforgacsolo.hu\\\/de\\\/dienstleistungen\\\/fertigung-von-kompletten-produkten\\\/#breadcrumb\"},\"inLanguage\":\"de\",\"potentialAction\":[{\"@type\":\"ReadAction\",\"target\":[\"https:\\\/\\\/antalforgacsolo.hu\\\/de\\\/dienstleistungen\\\/fertigung-von-kompletten-produkten\\\/\"]}]},{\"@type\":\"BreadcrumbList\",\"@id\":\"https:\\\/\\\/antalforgacsolo.hu\\\/de\\\/dienstleistungen\\\/fertigung-von-kompletten-produkten\\\/#breadcrumb\",\"itemListElement\":[{\"@type\":\"ListItem\",\"position\":1,\"name\":\"Home\",\"item\":\"https:\\\/\\\/antalforgacsolo.hu\\\/de\\\/\"},{\"@type\":\"ListItem\",\"position\":2,\"name\":\"Dienstleistungen\",\"item\":\"https:\\\/\\\/antalforgacsolo.hu\\\/de\\\/dienstleistungen\\\/\"},{\"@type\":\"ListItem\",\"position\":3,\"name\":\"Fertigung von kompletten Produkten\"}]},{\"@type\":\"WebSite\",\"@id\":\"https:\\\/\\\/antalforgacsolo.hu\\\/#website\",\"url\":\"https:\\\/\\\/antalforgacsolo.hu\\\/\",\"name\":\"ANTAL Forg\u00e1csol\u00f3 Kft.\",\"description\":\"Qualit\u00e4t und Precizion an einem Ort\",\"publisher\":{\"@id\":\"https:\\\/\\\/antalforgacsolo.hu\\\/#organization\"},\"potentialAction\":[{\"@type\":\"SearchAction\",\"target\":{\"@type\":\"EntryPoint\",\"urlTemplate\":\"https:\\\/\\\/antalforgacsolo.hu\\\/?s={search_term_string}\"},\"query-input\":{\"@type\":\"PropertyValueSpecification\",\"valueRequired\":true,\"valueName\":\"search_term_string\"}}],\"inLanguage\":\"de\"},{\"@type\":\"Organization\",\"@id\":\"https:\\\/\\\/antalforgacsolo.hu\\\/#organization\",\"name\":\"ANTAL Forg\u00e1csol\u00f3 Kft.\",\"url\":\"https:\\\/\\\/antalforgacsolo.hu\\\/\",\"logo\":{\"@type\":\"ImageObject\",\"inLanguage\":\"de\",\"@id\":\"https:\\\/\\\/antalforgacsolo.hu\\\/#\\\/schema\\\/logo\\\/image\\\/\",\"url\":\"https:\\\/\\\/antalforgacsolo.hu\\\/wp-content\\\/uploads\\\/2017\\\/11\\\/antalkft-logo-fekete-70px.png\",\"contentUrl\":\"https:\\\/\\\/antalforgacsolo.hu\\\/wp-content\\\/uploads\\\/2017\\\/11\\\/antalkft-logo-fekete-70px.png\",\"width\":70,\"height\":66,\"caption\":\"ANTAL Forg\u00e1csol\u00f3 Kft.\"},\"image\":{\"@id\":\"https:\\\/\\\/antalforgacsolo.hu\\\/#\\\/schema\\\/logo\\\/image\\\/\"}}]}<\/script>\n<!-- \/ Yoast SEO plugin. -->","yoast_head_json":{"title":"Fertigung von kompletten Produkten - ANTAL Forg\u00e1csol\u00f3 Kft.","robots":{"index":"index","follow":"follow","max-snippet":"max-snippet:-1","max-image-preview":"max-image-preview:large","max-video-preview":"max-video-preview:-1"},"canonical":"https:\/\/antalforgacsolo.hu\/de\/dienstleistungen\/fertigung-von-kompletten-produkten\/","og_locale":"de_DE","og_type":"article","og_title":"Fertigung von kompletten Produkten - ANTAL Forg\u00e1csol\u00f3 Kft.","og_description":"[vc_row padding_top=&#8221;0&#8243; padding_bottom=&#8221;20&#8243;][vc_column][vc_column_text]Ein Hauptprofil unserer Firma ist die Fertigung von kompletten Produkten, vom Material bis zum fertigen, oberfl\u00e4chenbehandelten Produkt. Vertrauen Sie ...","og_url":"https:\/\/antalforgacsolo.hu\/de\/dienstleistungen\/fertigung-von-kompletten-produkten\/","og_site_name":"ANTAL Forg\u00e1csol\u00f3 Kft.","article_modified_time":"2017-11-09T09:53:08+00:00","twitter_card":"summary_large_image","twitter_misc":{"Gesch\u00e4tzte Lesezeit":"1\u00a0Minute"},"schema":{"@context":"https:\/\/schema.org","@graph":[{"@type":"WebPage","@id":"https:\/\/antalforgacsolo.hu\/de\/dienstleistungen\/fertigung-von-kompletten-produkten\/","url":"https:\/\/antalforgacsolo.hu\/de\/dienstleistungen\/fertigung-von-kompletten-produkten\/","name":"Fertigung von kompletten Produkten - ANTAL Forg\u00e1csol\u00f3 Kft.","isPartOf":{"@id":"https:\/\/antalforgacsolo.hu\/#website"},"datePublished":"2017-10-24T09:38:16+00:00","dateModified":"2017-11-09T09:53:08+00:00","breadcrumb":{"@id":"https:\/\/antalforgacsolo.hu\/de\/dienstleistungen\/fertigung-von-kompletten-produkten\/#breadcrumb"},"inLanguage":"de","potentialAction":[{"@type":"ReadAction","target":["https:\/\/antalforgacsolo.hu\/de\/dienstleistungen\/fertigung-von-kompletten-produkten\/"]}]},{"@type":"BreadcrumbList","@id":"https:\/\/antalforgacsolo.hu\/de\/dienstleistungen\/fertigung-von-kompletten-produkten\/#breadcrumb","itemListElement":[{"@type":"ListItem","position":1,"name":"Home","item":"https:\/\/antalforgacsolo.hu\/de\/"},{"@type":"ListItem","position":2,"name":"Dienstleistungen","item":"https:\/\/antalforgacsolo.hu\/de\/dienstleistungen\/"},{"@type":"ListItem","position":3,"name":"Fertigung von kompletten Produkten"}]},{"@type":"WebSite","@id":"https:\/\/antalforgacsolo.hu\/#website","url":"https:\/\/antalforgacsolo.hu\/","name":"ANTAL Forg\u00e1csol\u00f3 Kft.","description":"Qualit\u00e4t und Precizion an einem Ort","publisher":{"@id":"https:\/\/antalforgacsolo.hu\/#organization"},"potentialAction":[{"@type":"SearchAction","target":{"@type":"EntryPoint","urlTemplate":"https:\/\/antalforgacsolo.hu\/?s={search_term_string}"},"query-input":{"@type":"PropertyValueSpecification","valueRequired":true,"valueName":"search_term_string"}}],"inLanguage":"de"},{"@type":"Organization","@id":"https:\/\/antalforgacsolo.hu\/#organization","name":"ANTAL Forg\u00e1csol\u00f3 Kft.","url":"https:\/\/antalforgacsolo.hu\/","logo":{"@type":"ImageObject","inLanguage":"de","@id":"https:\/\/antalforgacsolo.hu\/#\/schema\/logo\/image\/","url":"https:\/\/antalforgacsolo.hu\/wp-content\/uploads\/2017\/11\/antalkft-logo-fekete-70px.png","contentUrl":"https:\/\/antalforgacsolo.hu\/wp-content\/uploads\/2017\/11\/antalkft-logo-fekete-70px.png","width":70,"height":66,"caption":"ANTAL Forg\u00e1csol\u00f3 Kft."},"image":{"@id":"https:\/\/antalforgacsolo.hu\/#\/schema\/logo\/image\/"}}]}},"_links":{"self":[{"href":"https:\/\/antalforgacsolo.hu\/de\/wp-json\/wp\/v2\/pages\/1186","targetHints":{"allow":["GET"]}}],"collection":[{"href":"https:\/\/antalforgacsolo.hu\/de\/wp-json\/wp\/v2\/pages"}],"about":[{"href":"https:\/\/antalforgacsolo.hu\/de\/wp-json\/wp\/v2\/types\/page"}],"author":[{"embeddable":true,"href":"https:\/\/antalforgacsolo.hu\/de\/wp-json\/wp\/v2\/users\/1"}],"replies":[{"embeddable":true,"href":"https:\/\/antalforgacsolo.hu\/de\/wp-json\/wp\/v2\/comments?post=1186"}],"version-history":[{"count":0,"href":"https:\/\/antalforgacsolo.hu\/de\/wp-json\/wp\/v2\/pages\/1186\/revisions"}],"up":[{"embeddable":true,"href":"https:\/\/antalforgacsolo.hu\/de\/wp-json\/wp\/v2\/pages\/1178"}],"wp:attachment":[{"href":"https:\/\/antalforgacsolo.hu\/de\/wp-json\/wp\/v2\/media?parent=1186"}],"curies":[{"name":"wp","href":"https:\/\/api.w.org\/{rel}","templated":true}]}}