{"id":1191,"date":"2017-10-24T11:42:40","date_gmt":"2017-10-24T09:42:40","guid":{"rendered":"https:\/\/antalforgacsolo.hu\/?page_id=1191"},"modified":"2019-02-05T11:59:01","modified_gmt":"2019-02-05T09:59:01","slug":"werk","status":"publish","type":"page","link":"https:\/\/antalforgacsolo.hu\/de\/galerie\/werk\/","title":{"rendered":"Werk"},"content":{"rendered":"<div class=\"wpb-content-wrapper\"><p>[vc_row padding_top=&#8221;0&#8243; padding_bottom=&#8221;20&#8243;][vc_column][vc_column_text]<\/p>\n<h4>Zuverl\u00e4ssigkeit, Genauigkeit, Technologie, Erfahrung sind alle an einem Ort in unserem Werk zu finden.<\/h4>\n<p>[\/vc_column_text]\r\n        <div class=\"vc_grid-container-wrapper vc_clearfix\" >\r\n            <div class=\"vc_grid-container vc_clearfix wpb_content_element vc_media_grid\">\r\n                        <div class=\"vc_grid vc_row vc_grid-gutter-5px vc_pageable-wrapper vc_hook_hover custom-media-carousel owl-carousel vc_grid-owl-theme\">\r\n                                        <div class=\"item\">\r\n                                <div class=\"vc_grid-item vc_clearfix vc_col-sm-4 vc_visible-item fadeIn animated\" style=\"margin-right: -4px;\">\r\n            <div class=\"vc_grid-item-mini vc_clearfix vc-is-hover\">\r\n                <div class=\"vc_gitem-animated-block\">\r\n                    <div class=\"vc_gitem-zone vc_gitem-zone-a vc-gitem-zone-height-mode-auto vc-gitem-zone-height-mode-auto-1-1 vc_gitem-is-link\" style=\"background-image: url('https:\/\/antalforgacsolo.hu\/wp-content\/uploads\/2017\/08\/DSC4056-1.jpg'\">\r\n                        <a href=\"https:\/\/antalforgacsolo.hu\/wp-content\/uploads\/2017\/08\/DSC4056-1.jpg\"\r\n                           title=\"letenyei iroda\"\r\n                           data-vc-gitem-zone=\"prettyphotoLink\"\r\n                           data-rel=\"prettyPhoto[rel--1866913009]\"\r\n                           class=\"vc_gitem-link prettyphoto vc-zone-link vc-prettyphoto-link\">\r\n                        <\/a>\r\n                    <\/div>\r\n                <\/div>\r\n            <\/div>\r\n        <\/div>\r\n                <div class=\"vc_grid-item vc_clearfix vc_col-sm-4 vc_visible-item fadeIn animated\" style=\"margin-right: -4px;\">\r\n            <div class=\"vc_grid-item-mini vc_clearfix vc-is-hover\">\r\n                <div class=\"vc_gitem-animated-block\">\r\n                    <div class=\"vc_gitem-zone vc_gitem-zone-a vc-gitem-zone-height-mode-auto vc-gitem-zone-height-mode-auto-1-1 vc_gitem-is-link\" style=\"background-image: url('https:\/\/antalforgacsolo.hu\/wp-content\/uploads\/2017\/08\/antalforgacsolo-122-1.jpg'\">\r\n                        <a href=\"https:\/\/antalforgacsolo.hu\/wp-content\/uploads\/2017\/08\/antalforgacsolo-122-1.jpg\"\r\n                           title=\"antalforgacsolo-122-1\"\r\n                           data-vc-gitem-zone=\"prettyphotoLink\"\r\n                           data-rel=\"prettyPhoto[rel--1866913009]\"\r\n                           class=\"vc_gitem-link prettyphoto vc-zone-link vc-prettyphoto-link\">\r\n                        <\/a>\r\n                    <\/div>\r\n                <\/div>\r\n            <\/div>\r\n        <\/div>\r\n                <div class=\"vc_grid-item vc_clearfix vc_col-sm-4 vc_visible-item fadeIn animated\" style=\"margin-right: -4px;\">\r\n            <div class=\"vc_grid-item-mini vc_clearfix vc-is-hover\">\r\n                <div class=\"vc_gitem-animated-block\">\r\n                    <div class=\"vc_gitem-zone vc_gitem-zone-a vc-gitem-zone-height-mode-auto vc-gitem-zone-height-mode-auto-1-1 vc_gitem-is-link\" style=\"background-image: url('https:\/\/antalforgacsolo.hu\/wp-content\/uploads\/2017\/08\/ZOL_3930-1.jpg'\">\r\n                        <a href=\"https:\/\/antalforgacsolo.hu\/wp-content\/uploads\/2017\/08\/ZOL_3930-1.jpg\"\r\n                           title=\"\u00fczem\"\r\n                           data-vc-gitem-zone=\"prettyphotoLink\"\r\n                           data-rel=\"prettyPhoto[rel--1866913009]\"\r\n                           class=\"vc_gitem-link prettyphoto vc-zone-link vc-prettyphoto-link\">\r\n                        <\/a>\r\n                    <\/div>\r\n                <\/div>\r\n            <\/div>\r\n        <\/div>\r\n                <div class=\"vc_grid-item vc_clearfix vc_col-sm-4 vc_visible-item fadeIn animated\" style=\"margin-right: -4px;\">\r\n            <div class=\"vc_grid-item-mini vc_clearfix vc-is-hover\">\r\n                <div class=\"vc_gitem-animated-block\">\r\n                    <div class=\"vc_gitem-zone vc_gitem-zone-a vc-gitem-zone-height-mode-auto vc-gitem-zone-height-mode-auto-1-1 vc_gitem-is-link\" style=\"background-image: url('https:\/\/antalforgacsolo.hu\/wp-content\/uploads\/2017\/08\/20170824_131657-1.jpg'\">\r\n                        <a href=\"https:\/\/antalforgacsolo.hu\/wp-content\/uploads\/2017\/08\/20170824_131657-1.jpg\"\r\n                           title=\"\u00fczem\"\r\n                           data-vc-gitem-zone=\"prettyphotoLink\"\r\n                           data-rel=\"prettyPhoto[rel--1866913009]\"\r\n                           class=\"vc_gitem-link prettyphoto vc-zone-link vc-prettyphoto-link\">\r\n                        <\/a>\r\n                    <\/div>\r\n                <\/div>\r\n            <\/div>\r\n        <\/div>\r\n                <div class=\"vc_grid-item vc_clearfix vc_col-sm-4 vc_visible-item fadeIn animated\" style=\"margin-right: -4px;\">\r\n            <div class=\"vc_grid-item-mini vc_clearfix vc-is-hover\">\r\n                <div class=\"vc_gitem-animated-block\">\r\n                    <div class=\"vc_gitem-zone vc_gitem-zone-a vc-gitem-zone-height-mode-auto vc-gitem-zone-height-mode-auto-1-1 vc_gitem-is-link\" style=\"background-image: url('https:\/\/antalforgacsolo.hu\/wp-content\/uploads\/2017\/08\/20170824_133119-1.jpg'\">\r\n                        <a href=\"https:\/\/antalforgacsolo.hu\/wp-content\/uploads\/2017\/08\/20170824_133119-1.jpg\"\r\n                           title=\"\u00fczem\"\r\n                           data-vc-gitem-zone=\"prettyphotoLink\"\r\n                           data-rel=\"prettyPhoto[rel--1866913009]\"\r\n                           class=\"vc_gitem-link prettyphoto vc-zone-link vc-prettyphoto-link\">\r\n                        <\/a>\r\n                    <\/div>\r\n                <\/div>\r\n            <\/div>\r\n        <\/div>\r\n                <div class=\"vc_grid-item vc_clearfix vc_col-sm-4 vc_visible-item fadeIn animated\" style=\"margin-right: -4px;\">\r\n            <div class=\"vc_grid-item-mini vc_clearfix vc-is-hover\">\r\n                <div class=\"vc_gitem-animated-block\">\r\n                    <div class=\"vc_gitem-zone vc_gitem-zone-a vc-gitem-zone-height-mode-auto vc-gitem-zone-height-mode-auto-1-1 vc_gitem-is-link\" style=\"background-image: url('https:\/\/antalforgacsolo.hu\/wp-content\/uploads\/2017\/08\/ZOL_3961-1.jpg'\">\r\n                        <a href=\"https:\/\/antalforgacsolo.hu\/wp-content\/uploads\/2017\/08\/ZOL_3961-1.jpg\"\r\n                           title=\"\u00fczem\"\r\n                           data-vc-gitem-zone=\"prettyphotoLink\"\r\n                           data-rel=\"prettyPhoto[rel--1866913009]\"\r\n                           class=\"vc_gitem-link prettyphoto vc-zone-link vc-prettyphoto-link\">\r\n                        <\/a>\r\n                    <\/div>\r\n                <\/div>\r\n            <\/div>\r\n        <\/div>\r\n                <div class=\"vc_grid-item vc_clearfix vc_col-sm-4 vc_visible-item fadeIn animated\" style=\"margin-right: -4px;\">\r\n            <div class=\"vc_grid-item-mini vc_clearfix vc-is-hover\">\r\n                <div class=\"vc_gitem-animated-block\">\r\n                    <div class=\"vc_gitem-zone vc_gitem-zone-a vc-gitem-zone-height-mode-auto vc-gitem-zone-height-mode-auto-1-1 vc_gitem-is-link\" style=\"background-image: url('https:\/\/antalforgacsolo.hu\/wp-content\/uploads\/2017\/08\/20170824_131627-1.jpg'\">\r\n                        <a href=\"https:\/\/antalforgacsolo.hu\/wp-content\/uploads\/2017\/08\/20170824_131627-1.jpg\"\r\n                           title=\"\u00fczem\"\r\n                           data-vc-gitem-zone=\"prettyphotoLink\"\r\n                           data-rel=\"prettyPhoto[rel--1866913009]\"\r\n                           class=\"vc_gitem-link prettyphoto vc-zone-link vc-prettyphoto-link\">\r\n                        <\/a>\r\n                    <\/div>\r\n                <\/div>\r\n            <\/div>\r\n        <\/div>\r\n                <div class=\"vc_grid-item vc_clearfix vc_col-sm-4 vc_visible-item fadeIn animated\" style=\"margin-right: -4px;\">\r\n            <div class=\"vc_grid-item-mini vc_clearfix vc-is-hover\">\r\n                <div class=\"vc_gitem-animated-block\">\r\n                    <div class=\"vc_gitem-zone vc_gitem-zone-a vc-gitem-zone-height-mode-auto vc-gitem-zone-height-mode-auto-1-1 vc_gitem-is-link\" style=\"background-image: url('https:\/\/antalforgacsolo.hu\/wp-content\/uploads\/2017\/08\/20160308_115749.jpg'\">\r\n                        <a href=\"https:\/\/antalforgacsolo.hu\/wp-content\/uploads\/2017\/08\/20160308_115749.jpg\"\r\n                           title=\"TruLaser 3030\"\r\n                           data-vc-gitem-zone=\"prettyphotoLink\"\r\n                           data-rel=\"prettyPhoto[rel--1866913009]\"\r\n                           class=\"vc_gitem-link prettyphoto vc-zone-link vc-prettyphoto-link\">\r\n                        <\/a>\r\n                    <\/div>\r\n                <\/div>\r\n            <\/div>\r\n        <\/div>\r\n                <div class=\"vc_grid-item vc_clearfix vc_col-sm-4 vc_visible-item fadeIn animated\" style=\"margin-right: -4px;\">\r\n            <div class=\"vc_grid-item-mini vc_clearfix vc-is-hover\">\r\n                <div class=\"vc_gitem-animated-block\">\r\n                    <div class=\"vc_gitem-zone vc_gitem-zone-a vc-gitem-zone-height-mode-auto vc-gitem-zone-height-mode-auto-1-1 vc_gitem-is-link\" style=\"background-image: url('https:\/\/antalforgacsolo.hu\/wp-content\/uploads\/2017\/08\/20170912_105925.jpg'\">\r\n                        <a href=\"https:\/\/antalforgacsolo.hu\/wp-content\/uploads\/2017\/08\/20170912_105925.jpg\"\r\n                           title=\"forg\u00e1csol\u00e1s\"\r\n                           data-vc-gitem-zone=\"prettyphotoLink\"\r\n                           data-rel=\"prettyPhoto[rel--1866913009]\"\r\n                           class=\"vc_gitem-link prettyphoto vc-zone-link vc-prettyphoto-link\">\r\n                        <\/a>\r\n                    <\/div>\r\n                <\/div>\r\n            <\/div>\r\n        <\/div>\r\n                                <\/div>\r\n                                                <div class=\"item\">\r\n                                <div class=\"vc_grid-item vc_clearfix vc_col-sm-4 vc_visible-item fadeIn animated\" style=\"margin-right: -4px;\">\r\n            <div class=\"vc_grid-item-mini vc_clearfix vc-is-hover\">\r\n                <div class=\"vc_gitem-animated-block\">\r\n                    <div class=\"vc_gitem-zone vc_gitem-zone-a vc-gitem-zone-height-mode-auto vc-gitem-zone-height-mode-auto-1-1 vc_gitem-is-link\" style=\"background-image: url('https:\/\/antalforgacsolo.hu\/wp-content\/uploads\/2017\/08\/20170926_100154.jpg'\">\r\n                        <a href=\"https:\/\/antalforgacsolo.hu\/wp-content\/uploads\/2017\/08\/20170926_100154.jpg\"\r\n                           title=\"forg\u00e1csol\u00e1s\"\r\n                           data-vc-gitem-zone=\"prettyphotoLink\"\r\n                           data-rel=\"prettyPhoto[rel--1866913009]\"\r\n                           class=\"vc_gitem-link prettyphoto vc-zone-link vc-prettyphoto-link\">\r\n                        <\/a>\r\n                    <\/div>\r\n                <\/div>\r\n            <\/div>\r\n        <\/div>\r\n                <div class=\"vc_grid-item vc_clearfix vc_col-sm-4 vc_visible-item fadeIn animated\" style=\"margin-right: -4px;\">\r\n            <div class=\"vc_grid-item-mini vc_clearfix vc-is-hover\">\r\n                <div class=\"vc_gitem-animated-block\">\r\n                    <div class=\"vc_gitem-zone vc_gitem-zone-a vc-gitem-zone-height-mode-auto vc-gitem-zone-height-mode-auto-1-1 vc_gitem-is-link\" style=\"background-image: url('https:\/\/antalforgacsolo.hu\/wp-content\/uploads\/2017\/10\/20170926_100258.jpg'\">\r\n                        <a href=\"https:\/\/antalforgacsolo.hu\/wp-content\/uploads\/2017\/10\/20170926_100258.jpg\"\r\n                           title=\"\u00fczem\"\r\n                           data-vc-gitem-zone=\"prettyphotoLink\"\r\n                           data-rel=\"prettyPhoto[rel--1866913009]\"\r\n                           class=\"vc_gitem-link prettyphoto vc-zone-link vc-prettyphoto-link\">\r\n                        <\/a>\r\n                    <\/div>\r\n                <\/div>\r\n            <\/div>\r\n        <\/div>\r\n                <div class=\"vc_grid-item vc_clearfix vc_col-sm-4 vc_visible-item fadeIn animated\" style=\"margin-right: -4px;\">\r\n            <div class=\"vc_grid-item-mini vc_clearfix vc-is-hover\">\r\n                <div class=\"vc_gitem-animated-block\">\r\n                    <div class=\"vc_gitem-zone vc_gitem-zone-a vc-gitem-zone-height-mode-auto vc-gitem-zone-height-mode-auto-1-1 vc_gitem-is-link\" style=\"background-image: url('https:\/\/antalforgacsolo.hu\/wp-content\/uploads\/2017\/08\/antalforgacsolo-124-1.jpg'\">\r\n                        <a href=\"https:\/\/antalforgacsolo.hu\/wp-content\/uploads\/2017\/08\/antalforgacsolo-124-1.jpg\"\r\n                           title=\"antalforgacsolo-124-1\"\r\n                           data-vc-gitem-zone=\"prettyphotoLink\"\r\n                           data-rel=\"prettyPhoto[rel--1866913009]\"\r\n                           class=\"vc_gitem-link prettyphoto vc-zone-link vc-prettyphoto-link\">\r\n                        <\/a>\r\n                    <\/div>\r\n                <\/div>\r\n            <\/div>\r\n        <\/div>\r\n                                <\/div>\r\n                                <\/div>\r\n\r\n                    <\/div>\r\n        <\/div>\r\n        [\/vc_column][\/vc_row][vc_row][vc_column][\/vc_column][\/vc_row]<\/p>\n<\/div>","protected":false},"excerpt":{"rendered":"<p>[vc_row padding_top=&#8221;0&#8243; padding_bottom=&#8221;20&#8243;][vc_column][vc_column_text] Zuverl\u00e4ssigkeit, Genauigkeit, Technologie, Erfahrung sind alle an einem Ort in unserem Werk zu finden. [\/vc_column_text][\/vc_column][\/vc_row][vc_row][vc_column][\/vc_column][\/vc_row]<\/p>\n","protected":false},"author":1,"featured_media":0,"parent":1189,"menu_order":1,"comment_status":"closed","ping_status":"closed","template":"","meta":{"footnotes":""},"class_list":["post-1191","page","type-page","status-publish","hentry"],"yoast_head":"<!-- This site is optimized with the Yoast SEO plugin v26.8 - https:\/\/yoast.com\/product\/yoast-seo-wordpress\/ -->\n<title>Werk - ANTAL Forg\u00e1csol\u00f3 Kft.<\/title>\n<meta name=\"robots\" content=\"index, follow, max-snippet:-1, max-image-preview:large, max-video-preview:-1\" \/>\n<link rel=\"canonical\" href=\"https:\/\/antalforgacsolo.hu\/de\/galerie\/werk\/\" \/>\n<meta property=\"og:locale\" content=\"de_DE\" \/>\n<meta property=\"og:type\" content=\"article\" \/>\n<meta property=\"og:title\" content=\"Werk - ANTAL Forg\u00e1csol\u00f3 Kft.\" \/>\n<meta property=\"og:description\" content=\"[vc_row padding_top=&#8221;0&#8243; padding_bottom=&#8221;20&#8243;][vc_column][vc_column_text] Zuverl\u00e4ssigkeit, Genauigkeit, Technologie, Erfahrung sind alle an einem Ort in unserem Werk zu finden. [\/vc_column_text][\/vc_column][\/vc_row][vc_row][vc_column][\/vc_column][\/vc_row]\" \/>\n<meta property=\"og:url\" content=\"https:\/\/antalforgacsolo.hu\/de\/galerie\/werk\/\" \/>\n<meta property=\"og:site_name\" content=\"ANTAL Forg\u00e1csol\u00f3 Kft.\" \/>\n<meta property=\"article:modified_time\" content=\"2019-02-05T09:59:01+00:00\" \/>\n<meta name=\"twitter:card\" content=\"summary_large_image\" \/>\n<script type=\"application\/ld+json\" class=\"yoast-schema-graph\">{\"@context\":\"https:\/\/schema.org\",\"@graph\":[{\"@type\":\"WebPage\",\"@id\":\"https:\/\/antalforgacsolo.hu\/de\/galerie\/werk\/\",\"url\":\"https:\/\/antalforgacsolo.hu\/de\/galerie\/werk\/\",\"name\":\"Werk - ANTAL Forg\u00e1csol\u00f3 Kft.\",\"isPartOf\":{\"@id\":\"https:\/\/antalforgacsolo.hu\/#website\"},\"datePublished\":\"2017-10-24T09:42:40+00:00\",\"dateModified\":\"2019-02-05T09:59:01+00:00\",\"breadcrumb\":{\"@id\":\"https:\/\/antalforgacsolo.hu\/de\/galerie\/werk\/#breadcrumb\"},\"inLanguage\":\"de\",\"potentialAction\":[{\"@type\":\"ReadAction\",\"target\":[\"https:\/\/antalforgacsolo.hu\/de\/galerie\/werk\/\"]}]},{\"@type\":\"BreadcrumbList\",\"@id\":\"https:\/\/antalforgacsolo.hu\/de\/galerie\/werk\/#breadcrumb\",\"itemListElement\":[{\"@type\":\"ListItem\",\"position\":1,\"name\":\"Home\",\"item\":\"https:\/\/antalforgacsolo.hu\/de\/\"},{\"@type\":\"ListItem\",\"position\":2,\"name\":\"Galerie\",\"item\":\"https:\/\/antalforgacsolo.hu\/de\/galerie\/\"},{\"@type\":\"ListItem\",\"position\":3,\"name\":\"Werk\"}]},{\"@type\":\"WebSite\",\"@id\":\"https:\/\/antalforgacsolo.hu\/#website\",\"url\":\"https:\/\/antalforgacsolo.hu\/\",\"name\":\"ANTAL Forg\u00e1csol\u00f3 Kft.\",\"description\":\"Qualit\u00e4t und Precizion an einem Ort\",\"publisher\":{\"@id\":\"https:\/\/antalforgacsolo.hu\/#organization\"},\"potentialAction\":[{\"@type\":\"SearchAction\",\"target\":{\"@type\":\"EntryPoint\",\"urlTemplate\":\"https:\/\/antalforgacsolo.hu\/?s={search_term_string}\"},\"query-input\":{\"@type\":\"PropertyValueSpecification\",\"valueRequired\":true,\"valueName\":\"search_term_string\"}}],\"inLanguage\":\"de\"},{\"@type\":\"Organization\",\"@id\":\"https:\/\/antalforgacsolo.hu\/#organization\",\"name\":\"ANTAL Forg\u00e1csol\u00f3 Kft.\",\"url\":\"https:\/\/antalforgacsolo.hu\/\",\"logo\":{\"@type\":\"ImageObject\",\"inLanguage\":\"de\",\"@id\":\"https:\/\/antalforgacsolo.hu\/#\/schema\/logo\/image\/\",\"url\":\"https:\/\/antalforgacsolo.hu\/wp-content\/uploads\/2017\/11\/antalkft-logo-fekete-70px.png\",\"contentUrl\":\"https:\/\/antalforgacsolo.hu\/wp-content\/uploads\/2017\/11\/antalkft-logo-fekete-70px.png\",\"width\":70,\"height\":66,\"caption\":\"ANTAL Forg\u00e1csol\u00f3 Kft.\"},\"image\":{\"@id\":\"https:\/\/antalforgacsolo.hu\/#\/schema\/logo\/image\/\"}}]}<\/script>\n<!-- \/ Yoast SEO plugin. -->","yoast_head_json":{"title":"Werk - ANTAL Forg\u00e1csol\u00f3 Kft.","robots":{"index":"index","follow":"follow","max-snippet":"max-snippet:-1","max-image-preview":"max-image-preview:large","max-video-preview":"max-video-preview:-1"},"canonical":"https:\/\/antalforgacsolo.hu\/de\/galerie\/werk\/","og_locale":"de_DE","og_type":"article","og_title":"Werk - ANTAL Forg\u00e1csol\u00f3 Kft.","og_description":"[vc_row padding_top=&#8221;0&#8243; padding_bottom=&#8221;20&#8243;][vc_column][vc_column_text] Zuverl\u00e4ssigkeit, Genauigkeit, Technologie, Erfahrung sind alle an einem Ort in unserem Werk zu finden. [\/vc_column_text][\/vc_column][\/vc_row][vc_row][vc_column][\/vc_column][\/vc_row]","og_url":"https:\/\/antalforgacsolo.hu\/de\/galerie\/werk\/","og_site_name":"ANTAL Forg\u00e1csol\u00f3 Kft.","article_modified_time":"2019-02-05T09:59:01+00:00","twitter_card":"summary_large_image","schema":{"@context":"https:\/\/schema.org","@graph":[{"@type":"WebPage","@id":"https:\/\/antalforgacsolo.hu\/de\/galerie\/werk\/","url":"https:\/\/antalforgacsolo.hu\/de\/galerie\/werk\/","name":"Werk - ANTAL Forg\u00e1csol\u00f3 Kft.","isPartOf":{"@id":"https:\/\/antalforgacsolo.hu\/#website"},"datePublished":"2017-10-24T09:42:40+00:00","dateModified":"2019-02-05T09:59:01+00:00","breadcrumb":{"@id":"https:\/\/antalforgacsolo.hu\/de\/galerie\/werk\/#breadcrumb"},"inLanguage":"de","potentialAction":[{"@type":"ReadAction","target":["https:\/\/antalforgacsolo.hu\/de\/galerie\/werk\/"]}]},{"@type":"BreadcrumbList","@id":"https:\/\/antalforgacsolo.hu\/de\/galerie\/werk\/#breadcrumb","itemListElement":[{"@type":"ListItem","position":1,"name":"Home","item":"https:\/\/antalforgacsolo.hu\/de\/"},{"@type":"ListItem","position":2,"name":"Galerie","item":"https:\/\/antalforgacsolo.hu\/de\/galerie\/"},{"@type":"ListItem","position":3,"name":"Werk"}]},{"@type":"WebSite","@id":"https:\/\/antalforgacsolo.hu\/#website","url":"https:\/\/antalforgacsolo.hu\/","name":"ANTAL Forg\u00e1csol\u00f3 Kft.","description":"Qualit\u00e4t und Precizion an einem Ort","publisher":{"@id":"https:\/\/antalforgacsolo.hu\/#organization"},"potentialAction":[{"@type":"SearchAction","target":{"@type":"EntryPoint","urlTemplate":"https:\/\/antalforgacsolo.hu\/?s={search_term_string}"},"query-input":{"@type":"PropertyValueSpecification","valueRequired":true,"valueName":"search_term_string"}}],"inLanguage":"de"},{"@type":"Organization","@id":"https:\/\/antalforgacsolo.hu\/#organization","name":"ANTAL Forg\u00e1csol\u00f3 Kft.","url":"https:\/\/antalforgacsolo.hu\/","logo":{"@type":"ImageObject","inLanguage":"de","@id":"https:\/\/antalforgacsolo.hu\/#\/schema\/logo\/image\/","url":"https:\/\/antalforgacsolo.hu\/wp-content\/uploads\/2017\/11\/antalkft-logo-fekete-70px.png","contentUrl":"https:\/\/antalforgacsolo.hu\/wp-content\/uploads\/2017\/11\/antalkft-logo-fekete-70px.png","width":70,"height":66,"caption":"ANTAL Forg\u00e1csol\u00f3 Kft."},"image":{"@id":"https:\/\/antalforgacsolo.hu\/#\/schema\/logo\/image\/"}}]}},"_links":{"self":[{"href":"https:\/\/antalforgacsolo.hu\/de\/wp-json\/wp\/v2\/pages\/1191","targetHints":{"allow":["GET"]}}],"collection":[{"href":"https:\/\/antalforgacsolo.hu\/de\/wp-json\/wp\/v2\/pages"}],"about":[{"href":"https:\/\/antalforgacsolo.hu\/de\/wp-json\/wp\/v2\/types\/page"}],"author":[{"embeddable":true,"href":"https:\/\/antalforgacsolo.hu\/de\/wp-json\/wp\/v2\/users\/1"}],"replies":[{"embeddable":true,"href":"https:\/\/antalforgacsolo.hu\/de\/wp-json\/wp\/v2\/comments?post=1191"}],"version-history":[{"count":0,"href":"https:\/\/antalforgacsolo.hu\/de\/wp-json\/wp\/v2\/pages\/1191\/revisions"}],"up":[{"embeddable":true,"href":"https:\/\/antalforgacsolo.hu\/de\/wp-json\/wp\/v2\/pages\/1189"}],"wp:attachment":[{"href":"https:\/\/antalforgacsolo.hu\/de\/wp-json\/wp\/v2\/media?parent=1191"}],"curies":[{"name":"wp","href":"https:\/\/api.w.org\/{rel}","templated":true}]}}