{"id":1211,"date":"2017-10-24T12:09:16","date_gmt":"2017-10-24T10:09:16","guid":{"rendered":"https:\/\/antalforgacsolo.hu\/?page_id=1211"},"modified":"2017-10-31T09:22:31","modified_gmt":"2017-10-31T07:22:31","slug":"ausschreibungen","status":"publish","type":"page","link":"https:\/\/antalforgacsolo.hu\/de\/uber-uns\/ausschreibungen\/","title":{"rendered":"Ausschreibungen"},"content":{"rendered":"<h3>Acquiring manufacturing tools for increasing the capacity at Antal Kft.<\/h3>\n<p>The Antal Kft applied for a tender within the frame of Economic Development and Innovation Operational Program, code: GINOP-1.2.1- 15, \u201eIncrease of capacity for micro-, small- and medium sized enterprises\u201d on 24th july 2015. The Ministry of National Economy, as supporter, has imparted 144\u00a0404\u00a0495 HUF which is non-refundable, the official letter arrived at our company on 21th december, 2015. \u00a0The winner of the application \u201eAcquiring of manufacturing tools for increasing the capacity at Antal Kft\u201d ID number: GINOP-1.2.1- 15-2015- 00331, the Antal Kft. has invested all of the 144\u00a0404\u00a0495 HUF non-refundable support on acquiring manufacturing tools.<\/p>\n<h3>Project data<\/h3>\n<p>Name of benificiary: <strong>ANTAL Forg\u00e1csol\u00f3 Korl\u00e1tolt Felel\u0151ss\u00e9g\u0171 T\u00e1rsas\u00e1g<\/strong><br \/>\nTitle of the project: <strong>&#8220;Gy\u00e1rt\u00f3eszk\u00f6z\u00f6k beszerz\u00e9se a kapacit\u00e1sb\u0151v\u00edt\u00e9s \u00e9rdek\u00e9ben az Antal Kft-n\u00e9l&#8221;<\/strong><br \/>\nID of the project: <strong>GINOP-1.2.1- 15-2015- 00331<\/strong><br \/>\nName of source: <strong>ERFA<\/strong><br \/>\nProject implementation locations:<br \/>\n<strong>8868 Letenye, hrsz. 1804\/6.<\/strong><br \/>\n<strong> 8360 Keszthely, K\u00fcls\u0151 Zsidi \u00fat 1. hrsz. 4679.<\/strong><br \/>\nProject budget: <strong>412 584 272 Ft<\/strong><br \/>\nGranted support: <strong>144 404\u00a0495 Ft<\/strong><br \/>\nScale of support: <strong>35%<\/strong><br \/>\nProject implementation period: <strong>2015.09.01. &#8211; 2016.08.31.<\/strong><\/p>\n<h3>Short introduction of the projects content<\/h3>\n<p>The improvements purpose is the expanding of the equipmentpark and the increasing of the level of technoligies at the Antal Kft, including Keszthely and Letenye sites.<\/p>\n<p>In the project there were acquirements of manufacturing machines as listed below:<br \/>\n(8 of Fronius TPS 5000 and 1 of Fronius TPS 2700 type), 1 of HELI diesel powered forklift, 1 of Daihen Varstroj type torchcutter, 1 of DURMA_TR type AD-S 40400 CNC SYNC sheetfolder to the site in Keszthely and 1 of TruLaser 3030 (L20) type lasercutter and 4 workcenters (2 of DOOSAN DNM 500II, 1 of DOOSAN DNM 750LII and 1 of DOOSAN VC 510 type)<\/p>\n<p>The acquired machines, equipments bare with increasedd capacity, and are much more precis and fast, not to mention the shorter manufacturing time and so better shippingdates. With the realization of the project a modern manufacturing capacity has been implemented, the profile-expanding of the company has been made with the product-service palette widening. The Antal Kft. can serve broader needs of costumers, increasing the satisfaction of its partners.<\/p>\n<p>Thanks to the development, ANTAL Kft. is able to ensure its profitable operation in the long term with the production of quality products, and the holding of the employees for a long-term. As a result of the project the company has been more recognized internationally and has increased in competitivness.<\/p>\n<p><img loading=\"lazy\" decoding=\"async\" class=\"size-full wp-image-626 aligncenter\" src=\"https:\/\/antalforgacsolo.hu\/wp-content\/uploads\/2017\/05\/palyazatok_logo.jpg\" alt=\"\" width=\"500\" height=\"346\" srcset=\"https:\/\/antalforgacsolo.hu\/wp-content\/uploads\/2017\/05\/palyazatok_logo.jpg 500w, https:\/\/antalforgacsolo.hu\/wp-content\/uploads\/2017\/05\/palyazatok_logo-300x208.jpg 300w\" sizes=\"auto, (max-width: 500px) 100vw, 500px\" \/><\/p>\n","protected":false},"excerpt":{"rendered":"<p>Acquiring manufacturing tools for increasing the capacity at Antal Kft. The Antal Kft applied for a tender within the frame of &#8230;<\/p>\n","protected":false},"author":1,"featured_media":0,"parent":1196,"menu_order":4,"comment_status":"closed","ping_status":"closed","template":"","meta":{"footnotes":""},"class_list":["post-1211","page","type-page","status-publish","hentry"],"yoast_head":"<!-- This site is optimized with the Yoast SEO plugin v27.4 - https:\/\/yoast.com\/product\/yoast-seo-wordpress\/ -->\n<title>Ausschreibungen - ANTAL Forg\u00e1csol\u00f3 Kft.<\/title>\n<meta name=\"robots\" content=\"index, follow, max-snippet:-1, max-image-preview:large, max-video-preview:-1\" \/>\n<link rel=\"canonical\" href=\"https:\/\/antalforgacsolo.hu\/de\/uber-uns\/ausschreibungen\/\" \/>\n<meta property=\"og:locale\" content=\"de_DE\" \/>\n<meta property=\"og:type\" content=\"article\" \/>\n<meta property=\"og:title\" content=\"Ausschreibungen - ANTAL Forg\u00e1csol\u00f3 Kft.\" \/>\n<meta property=\"og:description\" content=\"Acquiring manufacturing tools for increasing the capacity at Antal Kft. The Antal Kft applied for a tender within the frame of ...\" \/>\n<meta property=\"og:url\" content=\"https:\/\/antalforgacsolo.hu\/de\/uber-uns\/ausschreibungen\/\" \/>\n<meta property=\"og:site_name\" content=\"ANTAL Forg\u00e1csol\u00f3 Kft.\" \/>\n<meta property=\"article:modified_time\" content=\"2017-10-31T07:22:31+00:00\" \/>\n<meta property=\"og:image\" content=\"https:\/\/antalforgacsolo.hu\/wp-content\/uploads\/2017\/05\/palyazatok_logo.jpg\" \/>\n<meta name=\"twitter:card\" content=\"summary_large_image\" \/>\n<meta name=\"twitter:label1\" content=\"Gesch\u00e4tzte Lesezeit\" \/>\n\t<meta name=\"twitter:data1\" content=\"2\u00a0Minuten\" \/>\n<script type=\"application\/ld+json\" class=\"yoast-schema-graph\">{\"@context\":\"https:\\\/\\\/schema.org\",\"@graph\":[{\"@type\":\"WebPage\",\"@id\":\"https:\\\/\\\/antalforgacsolo.hu\\\/de\\\/uber-uns\\\/ausschreibungen\\\/\",\"url\":\"https:\\\/\\\/antalforgacsolo.hu\\\/de\\\/uber-uns\\\/ausschreibungen\\\/\",\"name\":\"Ausschreibungen - ANTAL Forg\u00e1csol\u00f3 Kft.\",\"isPartOf\":{\"@id\":\"https:\\\/\\\/antalforgacsolo.hu\\\/#website\"},\"primaryImageOfPage\":{\"@id\":\"https:\\\/\\\/antalforgacsolo.hu\\\/de\\\/uber-uns\\\/ausschreibungen\\\/#primaryimage\"},\"image\":{\"@id\":\"https:\\\/\\\/antalforgacsolo.hu\\\/de\\\/uber-uns\\\/ausschreibungen\\\/#primaryimage\"},\"thumbnailUrl\":\"https:\\\/\\\/antalforgacsolo.hu\\\/wp-content\\\/uploads\\\/2017\\\/05\\\/palyazatok_logo.jpg\",\"datePublished\":\"2017-10-24T10:09:16+00:00\",\"dateModified\":\"2017-10-31T07:22:31+00:00\",\"breadcrumb\":{\"@id\":\"https:\\\/\\\/antalforgacsolo.hu\\\/de\\\/uber-uns\\\/ausschreibungen\\\/#breadcrumb\"},\"inLanguage\":\"de\",\"potentialAction\":[{\"@type\":\"ReadAction\",\"target\":[\"https:\\\/\\\/antalforgacsolo.hu\\\/de\\\/uber-uns\\\/ausschreibungen\\\/\"]}]},{\"@type\":\"ImageObject\",\"inLanguage\":\"de\",\"@id\":\"https:\\\/\\\/antalforgacsolo.hu\\\/de\\\/uber-uns\\\/ausschreibungen\\\/#primaryimage\",\"url\":\"https:\\\/\\\/antalforgacsolo.hu\\\/wp-content\\\/uploads\\\/2017\\\/05\\\/palyazatok_logo.jpg\",\"contentUrl\":\"https:\\\/\\\/antalforgacsolo.hu\\\/wp-content\\\/uploads\\\/2017\\\/05\\\/palyazatok_logo.jpg\"},{\"@type\":\"BreadcrumbList\",\"@id\":\"https:\\\/\\\/antalforgacsolo.hu\\\/de\\\/uber-uns\\\/ausschreibungen\\\/#breadcrumb\",\"itemListElement\":[{\"@type\":\"ListItem\",\"position\":1,\"name\":\"Home\",\"item\":\"https:\\\/\\\/antalforgacsolo.hu\\\/de\\\/\"},{\"@type\":\"ListItem\",\"position\":2,\"name\":\"\u00dcber uns\",\"item\":\"https:\\\/\\\/antalforgacsolo.hu\\\/de\\\/uber-uns\\\/\"},{\"@type\":\"ListItem\",\"position\":3,\"name\":\"Ausschreibungen\"}]},{\"@type\":\"WebSite\",\"@id\":\"https:\\\/\\\/antalforgacsolo.hu\\\/#website\",\"url\":\"https:\\\/\\\/antalforgacsolo.hu\\\/\",\"name\":\"ANTAL Forg\u00e1csol\u00f3 Kft.\",\"description\":\"Qualit\u00e4t und Precizion an einem Ort\",\"publisher\":{\"@id\":\"https:\\\/\\\/antalforgacsolo.hu\\\/#organization\"},\"potentialAction\":[{\"@type\":\"SearchAction\",\"target\":{\"@type\":\"EntryPoint\",\"urlTemplate\":\"https:\\\/\\\/antalforgacsolo.hu\\\/?s={search_term_string}\"},\"query-input\":{\"@type\":\"PropertyValueSpecification\",\"valueRequired\":true,\"valueName\":\"search_term_string\"}}],\"inLanguage\":\"de\"},{\"@type\":\"Organization\",\"@id\":\"https:\\\/\\\/antalforgacsolo.hu\\\/#organization\",\"name\":\"ANTAL Forg\u00e1csol\u00f3 Kft.\",\"url\":\"https:\\\/\\\/antalforgacsolo.hu\\\/\",\"logo\":{\"@type\":\"ImageObject\",\"inLanguage\":\"de\",\"@id\":\"https:\\\/\\\/antalforgacsolo.hu\\\/#\\\/schema\\\/logo\\\/image\\\/\",\"url\":\"https:\\\/\\\/antalforgacsolo.hu\\\/wp-content\\\/uploads\\\/2017\\\/11\\\/antalkft-logo-fekete-70px.png\",\"contentUrl\":\"https:\\\/\\\/antalforgacsolo.hu\\\/wp-content\\\/uploads\\\/2017\\\/11\\\/antalkft-logo-fekete-70px.png\",\"width\":70,\"height\":66,\"caption\":\"ANTAL Forg\u00e1csol\u00f3 Kft.\"},\"image\":{\"@id\":\"https:\\\/\\\/antalforgacsolo.hu\\\/#\\\/schema\\\/logo\\\/image\\\/\"}}]}<\/script>\n<!-- \/ Yoast SEO plugin. -->","yoast_head_json":{"title":"Ausschreibungen - ANTAL Forg\u00e1csol\u00f3 Kft.","robots":{"index":"index","follow":"follow","max-snippet":"max-snippet:-1","max-image-preview":"max-image-preview:large","max-video-preview":"max-video-preview:-1"},"canonical":"https:\/\/antalforgacsolo.hu\/de\/uber-uns\/ausschreibungen\/","og_locale":"de_DE","og_type":"article","og_title":"Ausschreibungen - ANTAL Forg\u00e1csol\u00f3 Kft.","og_description":"Acquiring manufacturing tools for increasing the capacity at Antal Kft. The Antal Kft applied for a tender within the frame of ...","og_url":"https:\/\/antalforgacsolo.hu\/de\/uber-uns\/ausschreibungen\/","og_site_name":"ANTAL Forg\u00e1csol\u00f3 Kft.","article_modified_time":"2017-10-31T07:22:31+00:00","og_image":[{"url":"https:\/\/antalforgacsolo.hu\/wp-content\/uploads\/2017\/05\/palyazatok_logo.jpg","type":"","width":"","height":""}],"twitter_card":"summary_large_image","twitter_misc":{"Gesch\u00e4tzte Lesezeit":"2\u00a0Minuten"},"schema":{"@context":"https:\/\/schema.org","@graph":[{"@type":"WebPage","@id":"https:\/\/antalforgacsolo.hu\/de\/uber-uns\/ausschreibungen\/","url":"https:\/\/antalforgacsolo.hu\/de\/uber-uns\/ausschreibungen\/","name":"Ausschreibungen - ANTAL Forg\u00e1csol\u00f3 Kft.","isPartOf":{"@id":"https:\/\/antalforgacsolo.hu\/#website"},"primaryImageOfPage":{"@id":"https:\/\/antalforgacsolo.hu\/de\/uber-uns\/ausschreibungen\/#primaryimage"},"image":{"@id":"https:\/\/antalforgacsolo.hu\/de\/uber-uns\/ausschreibungen\/#primaryimage"},"thumbnailUrl":"https:\/\/antalforgacsolo.hu\/wp-content\/uploads\/2017\/05\/palyazatok_logo.jpg","datePublished":"2017-10-24T10:09:16+00:00","dateModified":"2017-10-31T07:22:31+00:00","breadcrumb":{"@id":"https:\/\/antalforgacsolo.hu\/de\/uber-uns\/ausschreibungen\/#breadcrumb"},"inLanguage":"de","potentialAction":[{"@type":"ReadAction","target":["https:\/\/antalforgacsolo.hu\/de\/uber-uns\/ausschreibungen\/"]}]},{"@type":"ImageObject","inLanguage":"de","@id":"https:\/\/antalforgacsolo.hu\/de\/uber-uns\/ausschreibungen\/#primaryimage","url":"https:\/\/antalforgacsolo.hu\/wp-content\/uploads\/2017\/05\/palyazatok_logo.jpg","contentUrl":"https:\/\/antalforgacsolo.hu\/wp-content\/uploads\/2017\/05\/palyazatok_logo.jpg"},{"@type":"BreadcrumbList","@id":"https:\/\/antalforgacsolo.hu\/de\/uber-uns\/ausschreibungen\/#breadcrumb","itemListElement":[{"@type":"ListItem","position":1,"name":"Home","item":"https:\/\/antalforgacsolo.hu\/de\/"},{"@type":"ListItem","position":2,"name":"\u00dcber uns","item":"https:\/\/antalforgacsolo.hu\/de\/uber-uns\/"},{"@type":"ListItem","position":3,"name":"Ausschreibungen"}]},{"@type":"WebSite","@id":"https:\/\/antalforgacsolo.hu\/#website","url":"https:\/\/antalforgacsolo.hu\/","name":"ANTAL Forg\u00e1csol\u00f3 Kft.","description":"Qualit\u00e4t und Precizion an einem Ort","publisher":{"@id":"https:\/\/antalforgacsolo.hu\/#organization"},"potentialAction":[{"@type":"SearchAction","target":{"@type":"EntryPoint","urlTemplate":"https:\/\/antalforgacsolo.hu\/?s={search_term_string}"},"query-input":{"@type":"PropertyValueSpecification","valueRequired":true,"valueName":"search_term_string"}}],"inLanguage":"de"},{"@type":"Organization","@id":"https:\/\/antalforgacsolo.hu\/#organization","name":"ANTAL Forg\u00e1csol\u00f3 Kft.","url":"https:\/\/antalforgacsolo.hu\/","logo":{"@type":"ImageObject","inLanguage":"de","@id":"https:\/\/antalforgacsolo.hu\/#\/schema\/logo\/image\/","url":"https:\/\/antalforgacsolo.hu\/wp-content\/uploads\/2017\/11\/antalkft-logo-fekete-70px.png","contentUrl":"https:\/\/antalforgacsolo.hu\/wp-content\/uploads\/2017\/11\/antalkft-logo-fekete-70px.png","width":70,"height":66,"caption":"ANTAL Forg\u00e1csol\u00f3 Kft."},"image":{"@id":"https:\/\/antalforgacsolo.hu\/#\/schema\/logo\/image\/"}}]}},"_links":{"self":[{"href":"https:\/\/antalforgacsolo.hu\/de\/wp-json\/wp\/v2\/pages\/1211","targetHints":{"allow":["GET"]}}],"collection":[{"href":"https:\/\/antalforgacsolo.hu\/de\/wp-json\/wp\/v2\/pages"}],"about":[{"href":"https:\/\/antalforgacsolo.hu\/de\/wp-json\/wp\/v2\/types\/page"}],"author":[{"embeddable":true,"href":"https:\/\/antalforgacsolo.hu\/de\/wp-json\/wp\/v2\/users\/1"}],"replies":[{"embeddable":true,"href":"https:\/\/antalforgacsolo.hu\/de\/wp-json\/wp\/v2\/comments?post=1211"}],"version-history":[{"count":0,"href":"https:\/\/antalforgacsolo.hu\/de\/wp-json\/wp\/v2\/pages\/1211\/revisions"}],"up":[{"embeddable":true,"href":"https:\/\/antalforgacsolo.hu\/de\/wp-json\/wp\/v2\/pages\/1196"}],"wp:attachment":[{"href":"https:\/\/antalforgacsolo.hu\/de\/wp-json\/wp\/v2\/media?parent=1211"}],"curies":[{"name":"wp","href":"https:\/\/api.w.org\/{rel}","templated":true}]}}