{"id":1215,"date":"2017-10-24T12:11:21","date_gmt":"2017-10-24T10:11:21","guid":{"rendered":"https:\/\/antalforgacsolo.hu\/?page_id=1215"},"modified":"2026-03-03T11:48:05","modified_gmt":"2026-03-03T09:48:05","slug":"qualifikationen","status":"publish","type":"page","link":"https:\/\/antalforgacsolo.hu\/de\/qualifikationen\/","title":{"rendered":"Qualifikationen"},"content":{"rendered":"<div class=\"wpb-content-wrapper\"><p>[vc_row padding_top=&#8221;0&#8243;][vc_column][vc_column_text]<\/p>\n<h3>Unsere ISO Zertifizierungen<\/h3>\n<p>[\/vc_column_text][\/vc_column][\/vc_row][vc_row padding_top=&#8221;0&#8243; css=&#8221;.vc_custom_1492587173081{margin-bottom: 25px !important;border-bottom-width: 1px !important;border-bottom-color: #dddddd !important;border-bottom-style: solid !important;}&#8221;][vc_column width=&#8221;1\/4&#8243;][vc_single_image image=&#8221;1639&#8243; img_size=&#8221;full&#8221; css=&#8221;&#8221;][\/vc_column][vc_column width=&#8221;1\/2&#8243;][vc_column_text]<\/p>\n<h4>MSZ EN ISO 9001:2015<\/h4>\n<p><strong>Zertifizierer<\/strong>: -[\/vc_column_text][\/vc_column][vc_column width=&#8221;1\/4&#8243;][vc_btn title=&#8221;HERUNTERLADEN&#8221; style=&#8221;flat&#8221; color=&#8221;warning&#8221; i_align=&#8221;right&#8221; i_icon_fontawesome=&#8221;fa fa-solid fa-cloud-arrow-down&#8221; css=&#8221;&#8221; add_icon=&#8221;true&#8221; link=&#8221;url:https%3A%2F%2Fantalforgacsolo.hu%2Fwp-content%2Fuploads%2F2023%2F08%2Fantal-forgacsolo-kft_EN_9001-2015-AI-k.pdf|target:_blank&#8221;][\/vc_column][\/vc_row][vc_row css=&#8221;.vc_custom_1492587173081{margin-bottom: 25px !important;border-bottom-width: 1px !important;border-bottom-color: #dddddd !important;border-bottom-style: solid !important;}&#8221;][vc_column][vc_column_text]<\/p>\n<h3>Unsere Schwei\u00dfzertifizierungen<\/h3>\n<p>[\/vc_column_text][\/vc_column][\/vc_row][vc_row][vc_column width=&#8221;1\/4&#8243;][vc_single_image image=&#8221;1591&#8243; img_size=&#8221;full&#8221;][\/vc_column][vc_column width=&#8221;3\/4&#8243;][vc_row_inner][vc_column_inner width=&#8221;2\/3&#8243;][vc_column_text]<\/p>\n<h4>DIN EN 15085-2 (CL1)<\/h4>\n<p><strong>Zertifizierer<\/strong>: GSI SLV Hannover[\/vc_column_text][\/vc_column_inner][vc_column_inner width=&#8221;1\/3&#8243;][vc_btn title=&#8221;HERUNTERLADEN&#8221; style=&#8221;flat&#8221; color=&#8221;warning&#8221; i_align=&#8221;right&#8221; i_icon_fontawesome=&#8221;fa fa-solid fa-cloud-arrow-down&#8221; css=&#8221;&#8221; add_icon=&#8221;true&#8221; link=&#8221;url:https%3A%2F%2Fantalforgacsolo.hu%2Fwp-content%2Fuploads%2F2026%2F03%2Fdin-en-15085-2-cl1-de-antal-25-28.pdf|target:_blank&#8221;][\/vc_column_inner][\/vc_row_inner][vc_row_inner][vc_column_inner width=&#8221;2\/3&#8243;][vc_column_text]<\/p>\n<h4>DIN EN ISO 3834-2<\/h4>\n<p><strong>Zertifizierer<\/strong>: GSI SLV Hannover[\/vc_column_text][\/vc_column_inner][vc_column_inner width=&#8221;1\/3&#8243;][vc_btn title=&#8221;HERUNTERLADEN&#8221; style=&#8221;flat&#8221; color=&#8221;warning&#8221; i_align=&#8221;right&#8221; i_icon_fontawesome=&#8221;fa fa-solid fa-cloud-arrow-down&#8221; css=&#8221;&#8221; add_icon=&#8221;true&#8221; link=&#8221;url:https%3A%2F%2Fantalforgacsolo.hu%2Fwp-content%2Fuploads%2F2026%2F03%2Fdin-en-iso-3834-2-2001-de-antal-25-28.pdf|target:_blank&#8221;][\/vc_column_inner][\/vc_row_inner][vc_row_inner][vc_column_inner width=&#8221;2\/3&#8243;][vc_column_text]<\/p>\n<h4>DIN 2303, Q2-BK1<\/h4>\n<p><strong>Zertifizierer<\/strong>: GSI SLV Hannover[\/vc_column_text][\/vc_column_inner][vc_column_inner width=&#8221;1\/3&#8243;][vc_btn title=&#8221;HERUNTERLADEN&#8221; style=&#8221;flat&#8221; color=&#8221;warning&#8221; i_align=&#8221;right&#8221; i_icon_fontawesome=&#8221;fa fa-solid fa-cloud-arrow-down&#8221; css=&#8221;&#8221; add_icon=&#8221;true&#8221; link=&#8221;url:https%3A%2F%2Fantalforgacsolo.hu%2Fwp-content%2Fuploads%2F2026%2F03%2Fdin-2303-de-antal-24-27.pdf|target:_blank&#8221;][\/vc_column_inner][\/vc_row_inner][\/vc_column][\/vc_row][vc_row][vc_column width=&#8221;1\/4&#8243;][vc_single_image image=&#8221;1653&#8243; img_size=&#8221;full&#8221;][\/vc_column][vc_column width=&#8221;1\/2&#8243;][vc_row_inner][vc_column_inner][vc_column_text]<\/p>\n<h4>DB &#8211;\u00a0Deutsche Bahn<\/h4>\n<p>[\/vc_column_text][\/vc_column_inner][\/vc_row_inner][\/vc_column][vc_column width=&#8221;1\/4&#8243;][\/vc_column][\/vc_row]<\/p>\n<\/div>","protected":false},"excerpt":{"rendered":"<p>[vc_row padding_top=&#8221;0&#8243;][vc_column][vc_column_text] Unsere ISO Zertifizierungen [\/vc_column_text][\/vc_column][\/vc_row][vc_row padding_top=&#8221;0&#8243; css=&#8221;.vc_custom_1492587173081{margin-bottom: 25px !important;border-bottom-width: 1px !important;border-bottom-color: #dddddd !important;border-bottom-style: solid !important;}&#8221;][vc_column width=&#8221;1\/4&#8243;][vc_single_image image=&#8221;1639&#8243; img_size=&#8221;full&#8221; css=&#8221;&#8221;][\/vc_column][vc_column width=&#8221;1\/2&#8243;][vc_column_text] &#8230;<\/p>\n","protected":false},"author":1,"featured_media":0,"parent":0,"menu_order":4,"comment_status":"closed","ping_status":"closed","template":"","meta":{"footnotes":""},"class_list":["post-1215","page","type-page","status-publish","hentry"],"yoast_head":"<!-- This site is optimized with the Yoast SEO plugin v27.4 - https:\/\/yoast.com\/product\/yoast-seo-wordpress\/ -->\n<title>Qualifikationen - ANTAL Forg\u00e1csol\u00f3 Kft.<\/title>\n<meta name=\"robots\" content=\"index, follow, max-snippet:-1, max-image-preview:large, max-video-preview:-1\" \/>\n<link rel=\"canonical\" href=\"https:\/\/antalforgacsolo.hu\/de\/qualifikationen\/\" \/>\n<meta property=\"og:locale\" content=\"de_DE\" \/>\n<meta property=\"og:type\" content=\"article\" \/>\n<meta property=\"og:title\" content=\"Qualifikationen - ANTAL Forg\u00e1csol\u00f3 Kft.\" \/>\n<meta property=\"og:description\" content=\"[vc_row padding_top=&#8221;0&#8243;][vc_column][vc_column_text] Unsere ISO Zertifizierungen [\/vc_column_text][\/vc_column][\/vc_row][vc_row padding_top=&#8221;0&#8243; css=&#8221;.vc_custom_1492587173081{margin-bottom: 25px !important;border-bottom-width: 1px !important;border-bottom-color: #dddddd !important;border-bottom-style: solid !important;}&#8221;][vc_column width=&#8221;1\/4&#8243;][vc_single_image image=&#8221;1639&#8243; img_size=&#8221;full&#8221; css=&#8221;&#8221;][\/vc_column][vc_column width=&#8221;1\/2&#8243;][vc_column_text] ...\" \/>\n<meta property=\"og:url\" content=\"https:\/\/antalforgacsolo.hu\/de\/qualifikationen\/\" \/>\n<meta property=\"og:site_name\" content=\"ANTAL Forg\u00e1csol\u00f3 Kft.\" \/>\n<meta property=\"article:modified_time\" content=\"2026-03-03T09:48:05+00:00\" \/>\n<meta name=\"twitter:card\" content=\"summary_large_image\" \/>\n<meta name=\"twitter:label1\" content=\"Gesch\u00e4tzte Lesezeit\" \/>\n\t<meta name=\"twitter:data1\" content=\"1\u00a0Minute\" \/>\n<script type=\"application\/ld+json\" class=\"yoast-schema-graph\">{\"@context\":\"https:\\\/\\\/schema.org\",\"@graph\":[{\"@type\":\"WebPage\",\"@id\":\"https:\\\/\\\/antalforgacsolo.hu\\\/de\\\/qualifikationen\\\/\",\"url\":\"https:\\\/\\\/antalforgacsolo.hu\\\/de\\\/qualifikationen\\\/\",\"name\":\"Qualifikationen - ANTAL Forg\u00e1csol\u00f3 Kft.\",\"isPartOf\":{\"@id\":\"https:\\\/\\\/antalforgacsolo.hu\\\/#website\"},\"datePublished\":\"2017-10-24T10:11:21+00:00\",\"dateModified\":\"2026-03-03T09:48:05+00:00\",\"breadcrumb\":{\"@id\":\"https:\\\/\\\/antalforgacsolo.hu\\\/de\\\/qualifikationen\\\/#breadcrumb\"},\"inLanguage\":\"de\",\"potentialAction\":[{\"@type\":\"ReadAction\",\"target\":[\"https:\\\/\\\/antalforgacsolo.hu\\\/de\\\/qualifikationen\\\/\"]}]},{\"@type\":\"BreadcrumbList\",\"@id\":\"https:\\\/\\\/antalforgacsolo.hu\\\/de\\\/qualifikationen\\\/#breadcrumb\",\"itemListElement\":[{\"@type\":\"ListItem\",\"position\":1,\"name\":\"Home\",\"item\":\"https:\\\/\\\/antalforgacsolo.hu\\\/de\\\/\"},{\"@type\":\"ListItem\",\"position\":2,\"name\":\"Qualifikationen\"}]},{\"@type\":\"WebSite\",\"@id\":\"https:\\\/\\\/antalforgacsolo.hu\\\/#website\",\"url\":\"https:\\\/\\\/antalforgacsolo.hu\\\/\",\"name\":\"ANTAL Forg\u00e1csol\u00f3 Kft.\",\"description\":\"Qualit\u00e4t und Precizion an einem Ort\",\"publisher\":{\"@id\":\"https:\\\/\\\/antalforgacsolo.hu\\\/#organization\"},\"potentialAction\":[{\"@type\":\"SearchAction\",\"target\":{\"@type\":\"EntryPoint\",\"urlTemplate\":\"https:\\\/\\\/antalforgacsolo.hu\\\/?s={search_term_string}\"},\"query-input\":{\"@type\":\"PropertyValueSpecification\",\"valueRequired\":true,\"valueName\":\"search_term_string\"}}],\"inLanguage\":\"de\"},{\"@type\":\"Organization\",\"@id\":\"https:\\\/\\\/antalforgacsolo.hu\\\/#organization\",\"name\":\"ANTAL Forg\u00e1csol\u00f3 Kft.\",\"url\":\"https:\\\/\\\/antalforgacsolo.hu\\\/\",\"logo\":{\"@type\":\"ImageObject\",\"inLanguage\":\"de\",\"@id\":\"https:\\\/\\\/antalforgacsolo.hu\\\/#\\\/schema\\\/logo\\\/image\\\/\",\"url\":\"https:\\\/\\\/antalforgacsolo.hu\\\/wp-content\\\/uploads\\\/2017\\\/11\\\/antalkft-logo-fekete-70px.png\",\"contentUrl\":\"https:\\\/\\\/antalforgacsolo.hu\\\/wp-content\\\/uploads\\\/2017\\\/11\\\/antalkft-logo-fekete-70px.png\",\"width\":70,\"height\":66,\"caption\":\"ANTAL Forg\u00e1csol\u00f3 Kft.\"},\"image\":{\"@id\":\"https:\\\/\\\/antalforgacsolo.hu\\\/#\\\/schema\\\/logo\\\/image\\\/\"}}]}<\/script>\n<!-- \/ Yoast SEO plugin. -->","yoast_head_json":{"title":"Qualifikationen - ANTAL Forg\u00e1csol\u00f3 Kft.","robots":{"index":"index","follow":"follow","max-snippet":"max-snippet:-1","max-image-preview":"max-image-preview:large","max-video-preview":"max-video-preview:-1"},"canonical":"https:\/\/antalforgacsolo.hu\/de\/qualifikationen\/","og_locale":"de_DE","og_type":"article","og_title":"Qualifikationen - ANTAL Forg\u00e1csol\u00f3 Kft.","og_description":"[vc_row padding_top=&#8221;0&#8243;][vc_column][vc_column_text] Unsere ISO Zertifizierungen [\/vc_column_text][\/vc_column][\/vc_row][vc_row padding_top=&#8221;0&#8243; css=&#8221;.vc_custom_1492587173081{margin-bottom: 25px !important;border-bottom-width: 1px !important;border-bottom-color: #dddddd !important;border-bottom-style: solid !important;}&#8221;][vc_column width=&#8221;1\/4&#8243;][vc_single_image image=&#8221;1639&#8243; img_size=&#8221;full&#8221; css=&#8221;&#8221;][\/vc_column][vc_column width=&#8221;1\/2&#8243;][vc_column_text] ...","og_url":"https:\/\/antalforgacsolo.hu\/de\/qualifikationen\/","og_site_name":"ANTAL Forg\u00e1csol\u00f3 Kft.","article_modified_time":"2026-03-03T09:48:05+00:00","twitter_card":"summary_large_image","twitter_misc":{"Gesch\u00e4tzte Lesezeit":"1\u00a0Minute"},"schema":{"@context":"https:\/\/schema.org","@graph":[{"@type":"WebPage","@id":"https:\/\/antalforgacsolo.hu\/de\/qualifikationen\/","url":"https:\/\/antalforgacsolo.hu\/de\/qualifikationen\/","name":"Qualifikationen - ANTAL Forg\u00e1csol\u00f3 Kft.","isPartOf":{"@id":"https:\/\/antalforgacsolo.hu\/#website"},"datePublished":"2017-10-24T10:11:21+00:00","dateModified":"2026-03-03T09:48:05+00:00","breadcrumb":{"@id":"https:\/\/antalforgacsolo.hu\/de\/qualifikationen\/#breadcrumb"},"inLanguage":"de","potentialAction":[{"@type":"ReadAction","target":["https:\/\/antalforgacsolo.hu\/de\/qualifikationen\/"]}]},{"@type":"BreadcrumbList","@id":"https:\/\/antalforgacsolo.hu\/de\/qualifikationen\/#breadcrumb","itemListElement":[{"@type":"ListItem","position":1,"name":"Home","item":"https:\/\/antalforgacsolo.hu\/de\/"},{"@type":"ListItem","position":2,"name":"Qualifikationen"}]},{"@type":"WebSite","@id":"https:\/\/antalforgacsolo.hu\/#website","url":"https:\/\/antalforgacsolo.hu\/","name":"ANTAL Forg\u00e1csol\u00f3 Kft.","description":"Qualit\u00e4t und Precizion an einem Ort","publisher":{"@id":"https:\/\/antalforgacsolo.hu\/#organization"},"potentialAction":[{"@type":"SearchAction","target":{"@type":"EntryPoint","urlTemplate":"https:\/\/antalforgacsolo.hu\/?s={search_term_string}"},"query-input":{"@type":"PropertyValueSpecification","valueRequired":true,"valueName":"search_term_string"}}],"inLanguage":"de"},{"@type":"Organization","@id":"https:\/\/antalforgacsolo.hu\/#organization","name":"ANTAL Forg\u00e1csol\u00f3 Kft.","url":"https:\/\/antalforgacsolo.hu\/","logo":{"@type":"ImageObject","inLanguage":"de","@id":"https:\/\/antalforgacsolo.hu\/#\/schema\/logo\/image\/","url":"https:\/\/antalforgacsolo.hu\/wp-content\/uploads\/2017\/11\/antalkft-logo-fekete-70px.png","contentUrl":"https:\/\/antalforgacsolo.hu\/wp-content\/uploads\/2017\/11\/antalkft-logo-fekete-70px.png","width":70,"height":66,"caption":"ANTAL Forg\u00e1csol\u00f3 Kft."},"image":{"@id":"https:\/\/antalforgacsolo.hu\/#\/schema\/logo\/image\/"}}]}},"_links":{"self":[{"href":"https:\/\/antalforgacsolo.hu\/de\/wp-json\/wp\/v2\/pages\/1215","targetHints":{"allow":["GET"]}}],"collection":[{"href":"https:\/\/antalforgacsolo.hu\/de\/wp-json\/wp\/v2\/pages"}],"about":[{"href":"https:\/\/antalforgacsolo.hu\/de\/wp-json\/wp\/v2\/types\/page"}],"author":[{"embeddable":true,"href":"https:\/\/antalforgacsolo.hu\/de\/wp-json\/wp\/v2\/users\/1"}],"replies":[{"embeddable":true,"href":"https:\/\/antalforgacsolo.hu\/de\/wp-json\/wp\/v2\/comments?post=1215"}],"version-history":[{"count":2,"href":"https:\/\/antalforgacsolo.hu\/de\/wp-json\/wp\/v2\/pages\/1215\/revisions"}],"predecessor-version":[{"id":2040,"href":"https:\/\/antalforgacsolo.hu\/de\/wp-json\/wp\/v2\/pages\/1215\/revisions\/2040"}],"wp:attachment":[{"href":"https:\/\/antalforgacsolo.hu\/de\/wp-json\/wp\/v2\/media?parent=1215"}],"curies":[{"name":"wp","href":"https:\/\/api.w.org\/{rel}","templated":true}]}}