{"id":1438,"date":"2018-05-29T14:50:06","date_gmt":"2018-05-29T12:50:06","guid":{"rendered":"https:\/\/antalforgacsolo.hu\/uber-uns\/eves-jelentes\/"},"modified":"2025-05-16T07:45:42","modified_gmt":"2025-05-16T05:45:42","slug":"jahresbericht","status":"publish","type":"page","link":"https:\/\/antalforgacsolo.hu\/de\/uber-uns\/jahresbericht\/","title":{"rendered":"Jahresbericht"},"content":{"rendered":"<div class=\"wpb-content-wrapper\"><p>[vc_row][vc_column width=&#8221;1\/2&#8243;][vc_column_text css=&#8221;&#8221;]<\/p>\n<h3>Energiefachkraft Gesch\u00e4ftsbericht 2024<\/h3>\n<h3><\/h3>\n<p>Erstellt: <strong>E.ON Gazdas\u00e1gi Szolg\u00e1ltat\u00f3 Kft.<\/strong><\/p>\n<p>&nbsp;<\/p>\n<p><img loading=\"lazy\" decoding=\"async\" class=\"aligncenter wp-image-1915 size-full\" src=\"https:\/\/antalforgacsolo.hu\/wp-content\/uploads\/2025\/05\/antal-eves-jelentes-2024.jpg\" alt=\"\" width=\"221\" height=\"300\" \/>[\/vc_column_text][vc_button title=&#8221;DOWNLOAD&#8221; color=&#8221;primary&#8221; size=&#8221;large&#8221; link=&#8221;url:https%3A%2F%2Fantalforgacsolo.hu%2Fwp-content%2Fuploads%2F2025%2F05%2Fantal-eves-jelentes-2024.pdf|title:Energetikai%20szakreferens%20%C3%A9ves%20jelent%C3%A9s|target:_blank&#8221;][\/vc_column][\/vc_row][vc_row][vc_column width=&#8221;1\/2&#8243;][vc_column_text]<\/p>\n<h3>Energiefachkraft Gesch\u00e4ftsbericht 2023<\/h3>\n<h3><\/h3>\n<p>Erstellt: <strong>E.ON Gazdas\u00e1gi Szolg\u00e1ltat\u00f3 Kft.<\/strong><\/p>\n<p>&nbsp;<\/p>\n<p><img loading=\"lazy\" decoding=\"async\" class=\"aligncenter wp-image-1915 size-full\" src=\"https:\/\/antalforgacsolo.hu\/wp-content\/uploads\/2024\/05\/antal-eves-jelentes-2023.jpg\" alt=\"\" width=\"221\" height=\"300\" \/>[\/vc_column_text][vc_button title=&#8221;DOWNLOAD&#8221; color=&#8221;primary&#8221; size=&#8221;large&#8221; link=&#8221;url:https%3A%2F%2Fantalforgacsolo.hu%2Fwp-content%2Fuploads%2F2024%2F05%2Fantal-eves-jelentes-2023.pdf|title:Energetikai%20szakreferens%20%C3%A9ves%20jelent%C3%A9s|target:_blank&#8221;][\/vc_column][\/vc_row][vc_row][vc_column width=&#8221;1\/2&#8243;][vc_column_text]<\/p>\n<h3>Energiefachkraft Gesch\u00e4ftsbericht 2022<\/h3>\n<h3><\/h3>\n<p>Erstellt: <strong>E.ON Gazdas\u00e1gi Szolg\u00e1ltat\u00f3 Kft.<\/strong><\/p>\n<p>&nbsp;<\/p>\n<p><img loading=\"lazy\" decoding=\"async\" class=\"aligncenter wp-image-1915 size-full\" src=\"https:\/\/antalforgacsolo.hu\/wp-content\/uploads\/2023\/05\/2023-05-15_15-13-01.jpg\" alt=\"\" width=\"221\" height=\"300\" \/>[\/vc_column_text][vc_button title=&#8221;DOWNLOAD&#8221; color=&#8221;primary&#8221; size=&#8221;large&#8221; link=&#8221;url:https%3A%2F%2Fantalforgacsolo.hu%2Fwp-content%2Fuploads%2F2023%2F05%2FAntal-Forgacsolo-Kft-Eves-Jelentes-2022-1.pdf|title:Energetikai%20szakreferens%20%C3%A9ves%20jelent%C3%A9s|target:_blank&#8221;][\/vc_column][vc_column width=&#8221;1\/2&#8243;][vc_column_text]<\/p>\n<h3>Energiefachkraft Gesch\u00e4ftsbericht 2021<\/h3>\n<h3><\/h3>\n<p>Erstellt: <strong>E.ON Gazdas\u00e1gi Szolg\u00e1ltat\u00f3 Kft.<\/strong><\/p>\n<p>&nbsp;<\/p>\n<p><img loading=\"lazy\" decoding=\"async\" class=\"aligncenter wp-image-1915 size-full\" src=\"https:\/\/antalforgacsolo.hu\/wp-content\/uploads\/2022\/05\/antalforgacsolo-energetikai-szakreferens-jelentes-2021.jpg\" alt=\"\" width=\"221\" height=\"300\" \/>[\/vc_column_text][vc_button title=&#8221;DOWNLOAD&#8221; color=&#8221;primary&#8221; size=&#8221;large&#8221; link=&#8221;url:https%3A%2F%2Fantalforgacsolo.hu%2Fwp-content%2Fuploads%2F2022%2F05%2Fantal_2021eves_jelentes.pdf|title:Energetikai%20szakreferens%20%C3%A9ves%20jelent%C3%A9s%202021|target:_blank&#8221;][\/vc_column][\/vc_row][vc_row][vc_column width=&#8221;1\/2&#8243;][vc_column_text]<\/p>\n<h3>Energiefachkraft Gesch\u00e4ftsbericht 2020<\/h3>\n<h3><\/h3>\n<p>Erstellt: <strong>E.ON Gazdas\u00e1gi Szolg\u00e1ltat\u00f3 Kft.<\/strong><\/p>\n<p>&nbsp;<\/p>\n<p><img loading=\"lazy\" decoding=\"async\" class=\"aligncenter wp-image-1893 size-full\" src=\"https:\/\/antalforgacsolo.hu\/wp-content\/uploads\/2021\/05\/antalforgacsolo-energetikai-szakreferens-jelentes-2020.jpg\" alt=\"\" width=\"221\" height=\"300\" \/>[\/vc_column_text][vc_button title=&#8221;DOWNLOAD&#8221; color=&#8221;primary&#8221; size=&#8221;large&#8221; link=&#8221;url:https%3A%2F%2Fantalforgacsolo.hu%2Fwp-content%2Fuploads%2F2021%2F05%2Fantal_2020eves_jelentes.pdf|title:Energetikai%20szakreferens%20%C3%A9ves%20jelent%C3%A9s%202020|target:_blank&#8221;][\/vc_column][vc_column width=&#8221;1\/2&#8243;][vc_column_text]<\/p>\n<h3>Energiefachkraft Gesch\u00e4ftsbericht 2019<\/h3>\n<h3><\/h3>\n<p>Erstellt: <strong>E.ON Gazdas\u00e1gi Szolg\u00e1ltat\u00f3 Kft.<\/strong><\/p>\n<p>&nbsp;<\/p>\n<p><img loading=\"lazy\" decoding=\"async\" class=\"aligncenter wp-image-1848 size-full\" src=\"https:\/\/antalforgacsolo.hu\/wp-content\/uploads\/2020\/04\/antalforgacsolo-energetikai-szakreferens-jelentes-2019-221x300.jpg\" alt=\"\" width=\"221\" height=\"300\" \/>[\/vc_column_text][vc_button title=&#8221;DOWNLOAD&#8221; color=&#8221;primary&#8221; size=&#8221;large&#8221; link=&#8221;url:https%3A%2F%2Fantalforgacsolo.hu%2Fwp-content%2Fuploads%2F2020%2F04%2Fantalforgacsolo-energetikai-szakreferens-jelentes-2019.pdf|title:Energetikai%20szakreferens%20%C3%A9ves%20jelent%C3%A9s%202019|target:_blank&#8221;][\/vc_column][\/vc_row][vc_row][vc_column width=&#8221;1\/2&#8243;][vc_column_text]<\/p>\n<h3>Energiefachkraft Gesch\u00e4ftsbericht 2018<\/h3>\n<h3><\/h3>\n<p>Erstellt: <strong>E.ON Gazdas\u00e1gi Szolg\u00e1ltat\u00f3 Kft.<\/strong><\/p>\n<p>&nbsp;<\/p>\n<p><img loading=\"lazy\" decoding=\"async\" class=\"aligncenter size-full wp-image-1823\" src=\"https:\/\/antalforgacsolo.hu\/wp-content\/uploads\/2019\/11\/antalforgacsolo-energetikai-szakreferens-jelentes-2018-221x300.jpg\" alt=\"\" width=\"221\" height=\"300\" \/>[\/vc_column_text][vc_button title=&#8221;DOWNLOAD&#8221; color=&#8221;primary&#8221; size=&#8221;large&#8221; link=&#8221;url:https%3A%2F%2Fantalforgacsolo.hu%2Fwp-content%2Fuploads%2F2019%2F11%2Fantalforgacsolo-energetikai-szakreferens-jelentes-2018.pdf|title:Energetikai%20szakreferens%20%C3%A9ves%20jelent%C3%A9s%202018|target:%20_blank|&#8221;][\/vc_column][vc_column width=&#8221;1\/2&#8243;][vc_column_text]<\/p>\n<h3>Energiefachkraft Gesch\u00e4ftsbericht 2017<\/h3>\n<h3><\/h3>\n<p>Erstellt: <strong>E.ON Gazdas\u00e1gi Szolg\u00e1ltat\u00f3 Kft.<\/strong><\/p>\n<p>&nbsp;<\/p>\n<p><img loading=\"lazy\" decoding=\"async\" class=\"aligncenter size-full wp-image-1826\" src=\"https:\/\/antalforgacsolo.hu\/wp-content\/uploads\/2019\/11\/antalforgacsolo-energetikai-szakreferens-jelentes-2017-221x300.jpg\" alt=\"\" width=\"221\" height=\"300\" \/>[\/vc_column_text][vc_button title=&#8221;DOWNLOAD&#8221; color=&#8221;primary&#8221; size=&#8221;large&#8221; link=&#8221;url:https%3A%2F%2Fantalforgacsolo.hu%2Fwp-content%2Fuploads%2F2018%2F05%2Fantalforgacsolo-energetikai-szakreferens-jelentes-2017-2.pdf|title:Energetikai%20szakreferens%20%C3%A9ves%20jelent%C3%A9s%202017|target:%20_blank|&#8221;][\/vc_column][\/vc_row]<\/p>\n<\/div>","protected":false},"excerpt":{"rendered":"<p>[vc_row][vc_column width=&#8221;1\/2&#8243;][vc_column_text css=&#8221;&#8221;] Energiefachkraft Gesch\u00e4ftsbericht 2024 Erstellt: E.ON Gazdas\u00e1gi Szolg\u00e1ltat\u00f3 Kft. &nbsp; [\/vc_column_text][vc_button title=&#8221;DOWNLOAD&#8221; color=&#8221;primary&#8221; size=&#8221;large&#8221; link=&#8221;url:https%3A%2F%2Fantalforgacsolo.hu%2Fwp-content%2Fuploads%2F2025%2F05%2Fantal-eves-jelentes-2024.pdf|title:Energetikai%20szakreferens%20%C3%A9ves%20jelent%C3%A9s|target:_blank&#8221;][\/vc_column][\/vc_row][vc_row][vc_column width=&#8221;1\/2&#8243;][vc_column_text] Energiefachkraft Gesch\u00e4ftsbericht 2023 &#8230;<\/p>\n","protected":false},"author":1,"featured_media":0,"parent":1196,"menu_order":5,"comment_status":"closed","ping_status":"closed","template":"","meta":{"footnotes":""},"class_list":["post-1438","page","type-page","status-publish","hentry"],"yoast_head":"<!-- This site is optimized with the Yoast SEO plugin v27.4 - https:\/\/yoast.com\/product\/yoast-seo-wordpress\/ -->\n<title>Jahresbericht - ANTAL Forg\u00e1csol\u00f3 Kft.<\/title>\n<meta name=\"robots\" content=\"index, follow, max-snippet:-1, max-image-preview:large, max-video-preview:-1\" \/>\n<link rel=\"canonical\" href=\"https:\/\/antalforgacsolo.hu\/de\/uber-uns\/jahresbericht\/\" \/>\n<meta property=\"og:locale\" content=\"de_DE\" \/>\n<meta property=\"og:type\" content=\"article\" \/>\n<meta property=\"og:title\" content=\"Jahresbericht - ANTAL Forg\u00e1csol\u00f3 Kft.\" \/>\n<meta property=\"og:description\" content=\"[vc_row][vc_column width=&#8221;1\/2&#8243;][vc_column_text css=&#8221;&#8221;] Energiefachkraft Gesch\u00e4ftsbericht 2024 Erstellt: E.ON Gazdas\u00e1gi Szolg\u00e1ltat\u00f3 Kft. &nbsp; [\/vc_column_text][vc_button title=&#8221;DOWNLOAD&#8221; color=&#8221;primary&#8221; size=&#8221;large&#8221; link=&#8221;url:https%3A%2F%2Fantalforgacsolo.hu%2Fwp-content%2Fuploads%2F2025%2F05%2Fantal-eves-jelentes-2024.pdf|title:Energetikai%20szakreferens%20%C3%A9ves%20jelent%C3%A9s|target:_blank&#8221;][\/vc_column][\/vc_row][vc_row][vc_column width=&#8221;1\/2&#8243;][vc_column_text] Energiefachkraft Gesch\u00e4ftsbericht 2023 ...\" \/>\n<meta property=\"og:url\" content=\"https:\/\/antalforgacsolo.hu\/de\/uber-uns\/jahresbericht\/\" \/>\n<meta property=\"og:site_name\" content=\"ANTAL Forg\u00e1csol\u00f3 Kft.\" \/>\n<meta property=\"article:modified_time\" content=\"2025-05-16T05:45:42+00:00\" \/>\n<meta property=\"og:image\" content=\"https:\/\/antalforgacsolo.hu\/wp-content\/uploads\/2022\/05\/antalforgacsolo-energetikai-szakreferens-jelentes-2021.jpg\" \/>\n\t<meta property=\"og:image:width\" content=\"221\" \/>\n\t<meta property=\"og:image:height\" content=\"300\" \/>\n\t<meta property=\"og:image:type\" content=\"image\/jpeg\" \/>\n<meta name=\"twitter:card\" content=\"summary_large_image\" \/>\n<meta name=\"twitter:label1\" content=\"Gesch\u00e4tzte Lesezeit\" \/>\n\t<meta name=\"twitter:data1\" content=\"3\u00a0Minuten\" \/>\n<script type=\"application\/ld+json\" class=\"yoast-schema-graph\">{\"@context\":\"https:\\\/\\\/schema.org\",\"@graph\":[{\"@type\":\"WebPage\",\"@id\":\"https:\\\/\\\/antalforgacsolo.hu\\\/de\\\/uber-uns\\\/jahresbericht\\\/\",\"url\":\"https:\\\/\\\/antalforgacsolo.hu\\\/de\\\/uber-uns\\\/jahresbericht\\\/\",\"name\":\"Jahresbericht - ANTAL Forg\u00e1csol\u00f3 Kft.\",\"isPartOf\":{\"@id\":\"https:\\\/\\\/antalforgacsolo.hu\\\/#website\"},\"primaryImageOfPage\":{\"@id\":\"https:\\\/\\\/antalforgacsolo.hu\\\/de\\\/uber-uns\\\/jahresbericht\\\/#primaryimage\"},\"image\":{\"@id\":\"https:\\\/\\\/antalforgacsolo.hu\\\/de\\\/uber-uns\\\/jahresbericht\\\/#primaryimage\"},\"thumbnailUrl\":\"https:\\\/\\\/antalforgacsolo.hu\\\/wp-content\\\/uploads\\\/2025\\\/05\\\/antal-eves-jelentes-2024.jpg\",\"datePublished\":\"2018-05-29T12:50:06+00:00\",\"dateModified\":\"2025-05-16T05:45:42+00:00\",\"breadcrumb\":{\"@id\":\"https:\\\/\\\/antalforgacsolo.hu\\\/de\\\/uber-uns\\\/jahresbericht\\\/#breadcrumb\"},\"inLanguage\":\"de\",\"potentialAction\":[{\"@type\":\"ReadAction\",\"target\":[\"https:\\\/\\\/antalforgacsolo.hu\\\/de\\\/uber-uns\\\/jahresbericht\\\/\"]}]},{\"@type\":\"ImageObject\",\"inLanguage\":\"de\",\"@id\":\"https:\\\/\\\/antalforgacsolo.hu\\\/de\\\/uber-uns\\\/jahresbericht\\\/#primaryimage\",\"url\":\"https:\\\/\\\/antalforgacsolo.hu\\\/wp-content\\\/uploads\\\/2025\\\/05\\\/antal-eves-jelentes-2024.jpg\",\"contentUrl\":\"https:\\\/\\\/antalforgacsolo.hu\\\/wp-content\\\/uploads\\\/2025\\\/05\\\/antal-eves-jelentes-2024.jpg\"},{\"@type\":\"BreadcrumbList\",\"@id\":\"https:\\\/\\\/antalforgacsolo.hu\\\/de\\\/uber-uns\\\/jahresbericht\\\/#breadcrumb\",\"itemListElement\":[{\"@type\":\"ListItem\",\"position\":1,\"name\":\"Home\",\"item\":\"https:\\\/\\\/antalforgacsolo.hu\\\/de\\\/\"},{\"@type\":\"ListItem\",\"position\":2,\"name\":\"\u00dcber uns\",\"item\":\"https:\\\/\\\/antalforgacsolo.hu\\\/de\\\/uber-uns\\\/\"},{\"@type\":\"ListItem\",\"position\":3,\"name\":\"Jahresbericht\"}]},{\"@type\":\"WebSite\",\"@id\":\"https:\\\/\\\/antalforgacsolo.hu\\\/#website\",\"url\":\"https:\\\/\\\/antalforgacsolo.hu\\\/\",\"name\":\"ANTAL Forg\u00e1csol\u00f3 Kft.\",\"description\":\"Qualit\u00e4t und Precizion an einem Ort\",\"publisher\":{\"@id\":\"https:\\\/\\\/antalforgacsolo.hu\\\/#organization\"},\"potentialAction\":[{\"@type\":\"SearchAction\",\"target\":{\"@type\":\"EntryPoint\",\"urlTemplate\":\"https:\\\/\\\/antalforgacsolo.hu\\\/?s={search_term_string}\"},\"query-input\":{\"@type\":\"PropertyValueSpecification\",\"valueRequired\":true,\"valueName\":\"search_term_string\"}}],\"inLanguage\":\"de\"},{\"@type\":\"Organization\",\"@id\":\"https:\\\/\\\/antalforgacsolo.hu\\\/#organization\",\"name\":\"ANTAL Forg\u00e1csol\u00f3 Kft.\",\"url\":\"https:\\\/\\\/antalforgacsolo.hu\\\/\",\"logo\":{\"@type\":\"ImageObject\",\"inLanguage\":\"de\",\"@id\":\"https:\\\/\\\/antalforgacsolo.hu\\\/#\\\/schema\\\/logo\\\/image\\\/\",\"url\":\"https:\\\/\\\/antalforgacsolo.hu\\\/wp-content\\\/uploads\\\/2017\\\/11\\\/antalkft-logo-fekete-70px.png\",\"contentUrl\":\"https:\\\/\\\/antalforgacsolo.hu\\\/wp-content\\\/uploads\\\/2017\\\/11\\\/antalkft-logo-fekete-70px.png\",\"width\":70,\"height\":66,\"caption\":\"ANTAL Forg\u00e1csol\u00f3 Kft.\"},\"image\":{\"@id\":\"https:\\\/\\\/antalforgacsolo.hu\\\/#\\\/schema\\\/logo\\\/image\\\/\"}}]}<\/script>\n<!-- \/ Yoast SEO plugin. -->","yoast_head_json":{"title":"Jahresbericht - ANTAL Forg\u00e1csol\u00f3 Kft.","robots":{"index":"index","follow":"follow","max-snippet":"max-snippet:-1","max-image-preview":"max-image-preview:large","max-video-preview":"max-video-preview:-1"},"canonical":"https:\/\/antalforgacsolo.hu\/de\/uber-uns\/jahresbericht\/","og_locale":"de_DE","og_type":"article","og_title":"Jahresbericht - ANTAL Forg\u00e1csol\u00f3 Kft.","og_description":"[vc_row][vc_column width=&#8221;1\/2&#8243;][vc_column_text css=&#8221;&#8221;] Energiefachkraft Gesch\u00e4ftsbericht 2024 Erstellt: E.ON Gazdas\u00e1gi Szolg\u00e1ltat\u00f3 Kft. &nbsp; [\/vc_column_text][vc_button title=&#8221;DOWNLOAD&#8221; color=&#8221;primary&#8221; size=&#8221;large&#8221; link=&#8221;url:https%3A%2F%2Fantalforgacsolo.hu%2Fwp-content%2Fuploads%2F2025%2F05%2Fantal-eves-jelentes-2024.pdf|title:Energetikai%20szakreferens%20%C3%A9ves%20jelent%C3%A9s|target:_blank&#8221;][\/vc_column][\/vc_row][vc_row][vc_column width=&#8221;1\/2&#8243;][vc_column_text] Energiefachkraft Gesch\u00e4ftsbericht 2023 ...","og_url":"https:\/\/antalforgacsolo.hu\/de\/uber-uns\/jahresbericht\/","og_site_name":"ANTAL Forg\u00e1csol\u00f3 Kft.","article_modified_time":"2025-05-16T05:45:42+00:00","og_image":[{"width":221,"height":300,"url":"https:\/\/antalforgacsolo.hu\/wp-content\/uploads\/2022\/05\/antalforgacsolo-energetikai-szakreferens-jelentes-2021.jpg","type":"image\/jpeg"}],"twitter_card":"summary_large_image","twitter_misc":{"Gesch\u00e4tzte Lesezeit":"3\u00a0Minuten"},"schema":{"@context":"https:\/\/schema.org","@graph":[{"@type":"WebPage","@id":"https:\/\/antalforgacsolo.hu\/de\/uber-uns\/jahresbericht\/","url":"https:\/\/antalforgacsolo.hu\/de\/uber-uns\/jahresbericht\/","name":"Jahresbericht - ANTAL Forg\u00e1csol\u00f3 Kft.","isPartOf":{"@id":"https:\/\/antalforgacsolo.hu\/#website"},"primaryImageOfPage":{"@id":"https:\/\/antalforgacsolo.hu\/de\/uber-uns\/jahresbericht\/#primaryimage"},"image":{"@id":"https:\/\/antalforgacsolo.hu\/de\/uber-uns\/jahresbericht\/#primaryimage"},"thumbnailUrl":"https:\/\/antalforgacsolo.hu\/wp-content\/uploads\/2025\/05\/antal-eves-jelentes-2024.jpg","datePublished":"2018-05-29T12:50:06+00:00","dateModified":"2025-05-16T05:45:42+00:00","breadcrumb":{"@id":"https:\/\/antalforgacsolo.hu\/de\/uber-uns\/jahresbericht\/#breadcrumb"},"inLanguage":"de","potentialAction":[{"@type":"ReadAction","target":["https:\/\/antalforgacsolo.hu\/de\/uber-uns\/jahresbericht\/"]}]},{"@type":"ImageObject","inLanguage":"de","@id":"https:\/\/antalforgacsolo.hu\/de\/uber-uns\/jahresbericht\/#primaryimage","url":"https:\/\/antalforgacsolo.hu\/wp-content\/uploads\/2025\/05\/antal-eves-jelentes-2024.jpg","contentUrl":"https:\/\/antalforgacsolo.hu\/wp-content\/uploads\/2025\/05\/antal-eves-jelentes-2024.jpg"},{"@type":"BreadcrumbList","@id":"https:\/\/antalforgacsolo.hu\/de\/uber-uns\/jahresbericht\/#breadcrumb","itemListElement":[{"@type":"ListItem","position":1,"name":"Home","item":"https:\/\/antalforgacsolo.hu\/de\/"},{"@type":"ListItem","position":2,"name":"\u00dcber uns","item":"https:\/\/antalforgacsolo.hu\/de\/uber-uns\/"},{"@type":"ListItem","position":3,"name":"Jahresbericht"}]},{"@type":"WebSite","@id":"https:\/\/antalforgacsolo.hu\/#website","url":"https:\/\/antalforgacsolo.hu\/","name":"ANTAL Forg\u00e1csol\u00f3 Kft.","description":"Qualit\u00e4t und Precizion an einem Ort","publisher":{"@id":"https:\/\/antalforgacsolo.hu\/#organization"},"potentialAction":[{"@type":"SearchAction","target":{"@type":"EntryPoint","urlTemplate":"https:\/\/antalforgacsolo.hu\/?s={search_term_string}"},"query-input":{"@type":"PropertyValueSpecification","valueRequired":true,"valueName":"search_term_string"}}],"inLanguage":"de"},{"@type":"Organization","@id":"https:\/\/antalforgacsolo.hu\/#organization","name":"ANTAL Forg\u00e1csol\u00f3 Kft.","url":"https:\/\/antalforgacsolo.hu\/","logo":{"@type":"ImageObject","inLanguage":"de","@id":"https:\/\/antalforgacsolo.hu\/#\/schema\/logo\/image\/","url":"https:\/\/antalforgacsolo.hu\/wp-content\/uploads\/2017\/11\/antalkft-logo-fekete-70px.png","contentUrl":"https:\/\/antalforgacsolo.hu\/wp-content\/uploads\/2017\/11\/antalkft-logo-fekete-70px.png","width":70,"height":66,"caption":"ANTAL Forg\u00e1csol\u00f3 Kft."},"image":{"@id":"https:\/\/antalforgacsolo.hu\/#\/schema\/logo\/image\/"}}]}},"_links":{"self":[{"href":"https:\/\/antalforgacsolo.hu\/de\/wp-json\/wp\/v2\/pages\/1438","targetHints":{"allow":["GET"]}}],"collection":[{"href":"https:\/\/antalforgacsolo.hu\/de\/wp-json\/wp\/v2\/pages"}],"about":[{"href":"https:\/\/antalforgacsolo.hu\/de\/wp-json\/wp\/v2\/types\/page"}],"author":[{"embeddable":true,"href":"https:\/\/antalforgacsolo.hu\/de\/wp-json\/wp\/v2\/users\/1"}],"replies":[{"embeddable":true,"href":"https:\/\/antalforgacsolo.hu\/de\/wp-json\/wp\/v2\/comments?post=1438"}],"version-history":[{"count":1,"href":"https:\/\/antalforgacsolo.hu\/de\/wp-json\/wp\/v2\/pages\/1438\/revisions"}],"predecessor-version":[{"id":2007,"href":"https:\/\/antalforgacsolo.hu\/de\/wp-json\/wp\/v2\/pages\/1438\/revisions\/2007"}],"up":[{"embeddable":true,"href":"https:\/\/antalforgacsolo.hu\/de\/wp-json\/wp\/v2\/pages\/1196"}],"wp:attachment":[{"href":"https:\/\/antalforgacsolo.hu\/de\/wp-json\/wp\/v2\/media?parent=1438"}],"curies":[{"name":"wp","href":"https:\/\/api.w.org\/{rel}","templated":true}]}}