{"id":1120,"date":"2017-10-13T11:58:12","date_gmt":"2017-10-13T09:58:12","guid":{"rendered":"https:\/\/antalforgacsolo.hu\/?page_id=1120"},"modified":"2023-06-23T11:07:48","modified_gmt":"2023-06-23T09:07:48","slug":"to-approach","status":"publish","type":"page","link":"https:\/\/antalforgacsolo.hu\/en\/about-us\/contact-us\/to-approach\/","title":{"rendered":"To approach"},"content":{"rendered":"<div class=\"wpb-content-wrapper\"><p>[vc_row][vc_column][vc_column_text]<\/p>\n<h2>Main office, Keszthely<\/h2>\n<p><strong>Address<\/strong>: H 8360 Keszthely, K\u00fcls\u0151 Zsidi u. 11.<br \/>\n<strong>GPS<\/strong>: 46.780986,17.253238[\/vc_column_text][vc_gmaps link=&#8221;#E-8_JTNDaWZyYW1lJTIwc3JjJTNEJTIyaHR0cHMlM0ElMkYlMkZ3d3cuZ29vZ2xlLmNvbSUyRm1hcHMlMkZlbWJlZCUzRnBiJTNEJTIxMW0xOCUyMTFtMTIlMjExbTMlMjExZDkxOTAuMjAzNDMxNDA5NDIlMjEyZDE3LjI0OTc0MTI1MTczMDg2JTIxM2Q0Ni43Nzk0MDU1MDI2MDUxMyUyMTJtMyUyMTFmMCUyMTJmMCUyMTNmMCUyMTNtMiUyMTFpMTAyNCUyMTJpNzY4JTIxNGYxMy4xJTIxM20zJTIxMW0yJTIxMXMweDQ3NjkxZDQzYWUwNDIxNWQlMjUzQTB4NTY5NGI0ZDQzMDMxNDI0ZiUyMTJzQW50YWwlMkJLZnQuJTIxNWUwJTIxM20yJTIxMXNodSUyMTJzaHUlMjE0djE1MDc1Mjk5ODYwMzAlMjIlMjB3aWR0aCUzRCUyMjYwMCUyMiUyMGhlaWdodCUzRCUyMjQ1MCUyMiUyMGZyYW1lYm9yZGVyJTNEJTIyMCUyMiUyMHN0eWxlJTNEJTIyYm9yZGVyJTNBMCUyMiUyMGFsbG93ZnVsbHNjcmVlbiUzRSUzQyUyRmlmcmFtZSUzRQ==&#8221; size=&#8221;400&#8243;][vc_separator][vc_column_text]<\/p>\n<h2>Factory, Letenye<\/h2>\n<p><strong>Address<\/strong>: H 8868 Letenye, Ipari park<br \/>\n<strong>GPS<\/strong>: 46.434333,16.7490345[\/vc_column_text][vc_gmaps link=&#8221;#E-8_JTNDaWZyYW1lJTIwc3JjJTNEJTIyaHR0cHMlM0ElMkYlMkZ3d3cuZ29vZ2xlLmNvbSUyRm1hcHMlMkZlbWJlZCUzRnBiJTNEJTIxMW0xOCUyMTFtMTIlMjExbTMlMjExZDkyNDguNzkxNzU4NzEwMDk4JTIxMmQxNi43MzY0NjAzMzYzNDgyNSUyMTNkNDYuNDM1MTc3NDQ5OTIxNDclMjEybTMlMjExZjAlMjEyZjAlMjEzZjAlMjEzbTIlMjExaTEwMjQlMjEyaTc2OCUyMTRmMTMuMSUyMTNtMyUyMTFtMiUyMTFzMHg0NzY4YmMwOWMwZjA4NDc3JTI1M0EweDk5NzgzNWRiOGQxZGY5YyUyMTJzQW50YWwlMkJLZnQuJTIxNWUwJTIxM20yJTIxMXNodSUyMTJzaHUlMjE0djE1MDc1MzAxMjgwMTIlMjIlMjB3aWR0aCUzRCUyMjYwMCUyMiUyMGhlaWdodCUzRCUyMjQ1MCUyMiUyMGZyYW1lYm9yZGVyJTNEJTIyMCUyMiUyMHN0eWxlJTNEJTIyYm9yZGVyJTNBMCUyMiUyMGFsbG93ZnVsbHNjcmVlbiUzRSUzQyUyRmlmcmFtZSUzRQ==&#8221; size=&#8221;400&#8243;][\/vc_column][\/vc_row]<\/p>\n<\/div>","protected":false},"excerpt":{"rendered":"<p>[vc_row][vc_column][vc_column_text] Main office, Keszthely Address: H 8360 Keszthely, K\u00fcls\u0151 Zsidi u. 11. GPS: 46.780986,17.253238[\/vc_column_text][vc_gmaps link=&#8221;#E-8_JTNDaWZyYW1lJTIwc3JjJTNEJTIyaHR0cHMlM0ElMkYlMkZ3d3cuZ29vZ2xlLmNvbSUyRm1hcHMlMkZlbWJlZCUzRnBiJTNEJTIxMW0xOCUyMTFtMTIlMjExbTMlMjExZDkxOTAuMjAzNDMxNDA5NDIlMjEyZDE3LjI0OTc0MTI1MTczMDg2JTIxM2Q0Ni43Nzk0MDU1MDI2MDUxMyUyMTJtMyUyMTFmMCUyMTJmMCUyMTNmMCUyMTNtMiUyMTFpMTAyNCUyMTJpNzY4JTIxNGYxMy4xJTIxM20zJTIxMW0yJTIxMXMweDQ3NjkxZDQzYWUwNDIxNWQlMjUzQTB4NTY5NGI0ZDQzMDMxNDI0ZiUyMTJzQW50YWwlMkJLZnQuJTIxNWUwJTIxM20yJTIxMXNodSUyMTJzaHUlMjE0djE1MDc1Mjk5ODYwMzAlMjIlMjB3aWR0aCUzRCUyMjYwMCUyMiUyMGhlaWdodCUzRCUyMjQ1MCUyMiUyMGZyYW1lYm9yZGVyJTNEJTIyMCUyMiUyMHN0eWxlJTNEJTIyYm9yZGVyJTNBMCUyMiUyMGFsbG93ZnVsbHNjcmVlbiUzRSUzQyUyRmlmcmFtZSUzRQ==&#8221; size=&#8221;400&#8243;][vc_separator][vc_column_text] Factory, Letenye Address: H 8868 &#8230;<\/p>\n","protected":false},"author":1,"featured_media":0,"parent":1113,"menu_order":0,"comment_status":"closed","ping_status":"closed","template":"","meta":{"footnotes":""},"class_list":["post-1120","page","type-page","status-publish","hentry"],"yoast_head":"<!-- This site is optimized with the Yoast SEO plugin v26.8 - https:\/\/yoast.com\/product\/yoast-seo-wordpress\/ -->\n<title>To approach - ANTAL Forg\u00e1csol\u00f3 Kft.<\/title>\n<meta name=\"robots\" content=\"index, follow, max-snippet:-1, max-image-preview:large, max-video-preview:-1\" \/>\n<link rel=\"canonical\" href=\"https:\/\/antalforgacsolo.hu\/en\/about-us\/contact-us\/to-approach\/\" \/>\n<meta property=\"og:locale\" content=\"en_US\" \/>\n<meta property=\"og:type\" content=\"article\" \/>\n<meta property=\"og:title\" content=\"To approach - ANTAL Forg\u00e1csol\u00f3 Kft.\" \/>\n<meta property=\"og:description\" content=\"[vc_row][vc_column][vc_column_text] Main office, Keszthely Address: H 8360 Keszthely, K\u00fcls\u0151 Zsidi u. 11. GPS: 46.780986,17.253238[\/vc_column_text][vc_gmaps link=&#8221;#E-8_JTNDaWZyYW1lJTIwc3JjJTNEJTIyaHR0cHMlM0ElMkYlMkZ3d3cuZ29vZ2xlLmNvbSUyRm1hcHMlMkZlbWJlZCUzRnBiJTNEJTIxMW0xOCUyMTFtMTIlMjExbTMlMjExZDkxOTAuMjAzNDMxNDA5NDIlMjEyZDE3LjI0OTc0MTI1MTczMDg2JTIxM2Q0Ni43Nzk0MDU1MDI2MDUxMyUyMTJtMyUyMTFmMCUyMTJmMCUyMTNmMCUyMTNtMiUyMTFpMTAyNCUyMTJpNzY4JTIxNGYxMy4xJTIxM20zJTIxMW0yJTIxMXMweDQ3NjkxZDQzYWUwNDIxNWQlMjUzQTB4NTY5NGI0ZDQzMDMxNDI0ZiUyMTJzQW50YWwlMkJLZnQuJTIxNWUwJTIxM20yJTIxMXNodSUyMTJzaHUlMjE0djE1MDc1Mjk5ODYwMzAlMjIlMjB3aWR0aCUzRCUyMjYwMCUyMiUyMGhlaWdodCUzRCUyMjQ1MCUyMiUyMGZyYW1lYm9yZGVyJTNEJTIyMCUyMiUyMHN0eWxlJTNEJTIyYm9yZGVyJTNBMCUyMiUyMGFsbG93ZnVsbHNjcmVlbiUzRSUzQyUyRmlmcmFtZSUzRQ==&#8221; size=&#8221;400&#8243;][vc_separator][vc_column_text] Factory, Letenye Address: H 8868 ...\" \/>\n<meta property=\"og:url\" content=\"https:\/\/antalforgacsolo.hu\/en\/about-us\/contact-us\/to-approach\/\" \/>\n<meta property=\"og:site_name\" content=\"ANTAL Forg\u00e1csol\u00f3 Kft.\" \/>\n<meta property=\"article:modified_time\" content=\"2023-06-23T09:07:48+00:00\" \/>\n<meta name=\"twitter:card\" content=\"summary_large_image\" \/>\n<meta name=\"twitter:label1\" content=\"Est. reading time\" \/>\n\t<meta name=\"twitter:data1\" content=\"1 minute\" \/>\n<script type=\"application\/ld+json\" class=\"yoast-schema-graph\">{\"@context\":\"https:\/\/schema.org\",\"@graph\":[{\"@type\":\"WebPage\",\"@id\":\"https:\/\/antalforgacsolo.hu\/en\/about-us\/contact-us\/to-approach\/\",\"url\":\"https:\/\/antalforgacsolo.hu\/en\/about-us\/contact-us\/to-approach\/\",\"name\":\"To approach - ANTAL Forg\u00e1csol\u00f3 Kft.\",\"isPartOf\":{\"@id\":\"https:\/\/antalforgacsolo.hu\/#website\"},\"datePublished\":\"2017-10-13T09:58:12+00:00\",\"dateModified\":\"2023-06-23T09:07:48+00:00\",\"breadcrumb\":{\"@id\":\"https:\/\/antalforgacsolo.hu\/en\/about-us\/contact-us\/to-approach\/#breadcrumb\"},\"inLanguage\":\"en-US\",\"potentialAction\":[{\"@type\":\"ReadAction\",\"target\":[\"https:\/\/antalforgacsolo.hu\/en\/about-us\/contact-us\/to-approach\/\"]}]},{\"@type\":\"BreadcrumbList\",\"@id\":\"https:\/\/antalforgacsolo.hu\/en\/about-us\/contact-us\/to-approach\/#breadcrumb\",\"itemListElement\":[{\"@type\":\"ListItem\",\"position\":1,\"name\":\"Home\",\"item\":\"https:\/\/antalforgacsolo.hu\/en\/\"},{\"@type\":\"ListItem\",\"position\":2,\"name\":\"About Us\",\"item\":\"https:\/\/antalforgacsolo.hu\/en\/about-us\/\"},{\"@type\":\"ListItem\",\"position\":3,\"name\":\"Contact Us\",\"item\":\"https:\/\/antalforgacsolo.hu\/en\/about-us\/contact-us\/\"},{\"@type\":\"ListItem\",\"position\":4,\"name\":\"To approach\"}]},{\"@type\":\"WebSite\",\"@id\":\"https:\/\/antalforgacsolo.hu\/#website\",\"url\":\"https:\/\/antalforgacsolo.hu\/\",\"name\":\"ANTAL Forg\u00e1csol\u00f3 Kft.\",\"description\":\"Quality and Precision\",\"publisher\":{\"@id\":\"https:\/\/antalforgacsolo.hu\/#organization\"},\"potentialAction\":[{\"@type\":\"SearchAction\",\"target\":{\"@type\":\"EntryPoint\",\"urlTemplate\":\"https:\/\/antalforgacsolo.hu\/?s={search_term_string}\"},\"query-input\":{\"@type\":\"PropertyValueSpecification\",\"valueRequired\":true,\"valueName\":\"search_term_string\"}}],\"inLanguage\":\"en-US\"},{\"@type\":\"Organization\",\"@id\":\"https:\/\/antalforgacsolo.hu\/#organization\",\"name\":\"ANTAL Forg\u00e1csol\u00f3 Kft.\",\"url\":\"https:\/\/antalforgacsolo.hu\/\",\"logo\":{\"@type\":\"ImageObject\",\"inLanguage\":\"en-US\",\"@id\":\"https:\/\/antalforgacsolo.hu\/#\/schema\/logo\/image\/\",\"url\":\"https:\/\/antalforgacsolo.hu\/wp-content\/uploads\/2017\/11\/antalkft-logo-fekete-70px.png\",\"contentUrl\":\"https:\/\/antalforgacsolo.hu\/wp-content\/uploads\/2017\/11\/antalkft-logo-fekete-70px.png\",\"width\":70,\"height\":66,\"caption\":\"ANTAL Forg\u00e1csol\u00f3 Kft.\"},\"image\":{\"@id\":\"https:\/\/antalforgacsolo.hu\/#\/schema\/logo\/image\/\"}}]}<\/script>\n<!-- \/ Yoast SEO plugin. -->","yoast_head_json":{"title":"To approach - ANTAL Forg\u00e1csol\u00f3 Kft.","robots":{"index":"index","follow":"follow","max-snippet":"max-snippet:-1","max-image-preview":"max-image-preview:large","max-video-preview":"max-video-preview:-1"},"canonical":"https:\/\/antalforgacsolo.hu\/en\/about-us\/contact-us\/to-approach\/","og_locale":"en_US","og_type":"article","og_title":"To approach - ANTAL Forg\u00e1csol\u00f3 Kft.","og_description":"[vc_row][vc_column][vc_column_text] Main office, Keszthely Address: H 8360 Keszthely, K\u00fcls\u0151 Zsidi u. 11. GPS: 46.780986,17.253238[\/vc_column_text][vc_gmaps link=&#8221;#E-8_JTNDaWZyYW1lJTIwc3JjJTNEJTIyaHR0cHMlM0ElMkYlMkZ3d3cuZ29vZ2xlLmNvbSUyRm1hcHMlMkZlbWJlZCUzRnBiJTNEJTIxMW0xOCUyMTFtMTIlMjExbTMlMjExZDkxOTAuMjAzNDMxNDA5NDIlMjEyZDE3LjI0OTc0MTI1MTczMDg2JTIxM2Q0Ni43Nzk0MDU1MDI2MDUxMyUyMTJtMyUyMTFmMCUyMTJmMCUyMTNmMCUyMTNtMiUyMTFpMTAyNCUyMTJpNzY4JTIxNGYxMy4xJTIxM20zJTIxMW0yJTIxMXMweDQ3NjkxZDQzYWUwNDIxNWQlMjUzQTB4NTY5NGI0ZDQzMDMxNDI0ZiUyMTJzQW50YWwlMkJLZnQuJTIxNWUwJTIxM20yJTIxMXNodSUyMTJzaHUlMjE0djE1MDc1Mjk5ODYwMzAlMjIlMjB3aWR0aCUzRCUyMjYwMCUyMiUyMGhlaWdodCUzRCUyMjQ1MCUyMiUyMGZyYW1lYm9yZGVyJTNEJTIyMCUyMiUyMHN0eWxlJTNEJTIyYm9yZGVyJTNBMCUyMiUyMGFsbG93ZnVsbHNjcmVlbiUzRSUzQyUyRmlmcmFtZSUzRQ==&#8221; size=&#8221;400&#8243;][vc_separator][vc_column_text] Factory, Letenye Address: H 8868 ...","og_url":"https:\/\/antalforgacsolo.hu\/en\/about-us\/contact-us\/to-approach\/","og_site_name":"ANTAL Forg\u00e1csol\u00f3 Kft.","article_modified_time":"2023-06-23T09:07:48+00:00","twitter_card":"summary_large_image","twitter_misc":{"Est. reading time":"1 minute"},"schema":{"@context":"https:\/\/schema.org","@graph":[{"@type":"WebPage","@id":"https:\/\/antalforgacsolo.hu\/en\/about-us\/contact-us\/to-approach\/","url":"https:\/\/antalforgacsolo.hu\/en\/about-us\/contact-us\/to-approach\/","name":"To approach - ANTAL Forg\u00e1csol\u00f3 Kft.","isPartOf":{"@id":"https:\/\/antalforgacsolo.hu\/#website"},"datePublished":"2017-10-13T09:58:12+00:00","dateModified":"2023-06-23T09:07:48+00:00","breadcrumb":{"@id":"https:\/\/antalforgacsolo.hu\/en\/about-us\/contact-us\/to-approach\/#breadcrumb"},"inLanguage":"en-US","potentialAction":[{"@type":"ReadAction","target":["https:\/\/antalforgacsolo.hu\/en\/about-us\/contact-us\/to-approach\/"]}]},{"@type":"BreadcrumbList","@id":"https:\/\/antalforgacsolo.hu\/en\/about-us\/contact-us\/to-approach\/#breadcrumb","itemListElement":[{"@type":"ListItem","position":1,"name":"Home","item":"https:\/\/antalforgacsolo.hu\/en\/"},{"@type":"ListItem","position":2,"name":"About Us","item":"https:\/\/antalforgacsolo.hu\/en\/about-us\/"},{"@type":"ListItem","position":3,"name":"Contact Us","item":"https:\/\/antalforgacsolo.hu\/en\/about-us\/contact-us\/"},{"@type":"ListItem","position":4,"name":"To approach"}]},{"@type":"WebSite","@id":"https:\/\/antalforgacsolo.hu\/#website","url":"https:\/\/antalforgacsolo.hu\/","name":"ANTAL Forg\u00e1csol\u00f3 Kft.","description":"Quality and Precision","publisher":{"@id":"https:\/\/antalforgacsolo.hu\/#organization"},"potentialAction":[{"@type":"SearchAction","target":{"@type":"EntryPoint","urlTemplate":"https:\/\/antalforgacsolo.hu\/?s={search_term_string}"},"query-input":{"@type":"PropertyValueSpecification","valueRequired":true,"valueName":"search_term_string"}}],"inLanguage":"en-US"},{"@type":"Organization","@id":"https:\/\/antalforgacsolo.hu\/#organization","name":"ANTAL Forg\u00e1csol\u00f3 Kft.","url":"https:\/\/antalforgacsolo.hu\/","logo":{"@type":"ImageObject","inLanguage":"en-US","@id":"https:\/\/antalforgacsolo.hu\/#\/schema\/logo\/image\/","url":"https:\/\/antalforgacsolo.hu\/wp-content\/uploads\/2017\/11\/antalkft-logo-fekete-70px.png","contentUrl":"https:\/\/antalforgacsolo.hu\/wp-content\/uploads\/2017\/11\/antalkft-logo-fekete-70px.png","width":70,"height":66,"caption":"ANTAL Forg\u00e1csol\u00f3 Kft."},"image":{"@id":"https:\/\/antalforgacsolo.hu\/#\/schema\/logo\/image\/"}}]}},"_links":{"self":[{"href":"https:\/\/antalforgacsolo.hu\/en\/wp-json\/wp\/v2\/pages\/1120","targetHints":{"allow":["GET"]}}],"collection":[{"href":"https:\/\/antalforgacsolo.hu\/en\/wp-json\/wp\/v2\/pages"}],"about":[{"href":"https:\/\/antalforgacsolo.hu\/en\/wp-json\/wp\/v2\/types\/page"}],"author":[{"embeddable":true,"href":"https:\/\/antalforgacsolo.hu\/en\/wp-json\/wp\/v2\/users\/1"}],"replies":[{"embeddable":true,"href":"https:\/\/antalforgacsolo.hu\/en\/wp-json\/wp\/v2\/comments?post=1120"}],"version-history":[{"count":0,"href":"https:\/\/antalforgacsolo.hu\/en\/wp-json\/wp\/v2\/pages\/1120\/revisions"}],"up":[{"embeddable":true,"href":"https:\/\/antalforgacsolo.hu\/en\/wp-json\/wp\/v2\/pages\/1113"}],"wp:attachment":[{"href":"https:\/\/antalforgacsolo.hu\/en\/wp-json\/wp\/v2\/media?parent=1120"}],"curies":[{"name":"wp","href":"https:\/\/api.w.org\/{rel}","templated":true}]}}